{"id":419,"date":"2024-09-17T11:35:01","date_gmt":"2024-09-17T02:35:01","guid":{"rendered":"https:\/\/business01.one-tenth.kr\/?page_id=419"},"modified":"2024-11-15T15:47:11","modified_gmt":"2024-11-15T06:47:11","slug":"%eb%89%b4%ec%8a%a4","status":"publish","type":"page","link":"https:\/\/solenvision.ai\/vi\/%eb%89%b4%ec%8a%a4\/","title":{"rendered":"tin t\u1ee9c"},"content":{"rendered":"<div data-elementor-type=\"wp-page\" data-elementor-id=\"419\" class=\"elementor elementor-419\" data-elementor-settings=\"{&quot;element_pack_global_tooltip_width&quot;:{&quot;unit&quot;:&quot;px&quot;,&quot;size&quot;:&quot;&quot;,&quot;sizes&quot;:[]},&quot;element_pack_global_tooltip_width_tablet&quot;:{&quot;unit&quot;:&quot;px&quot;,&quot;size&quot;:&quot;&quot;,&quot;sizes&quot;:[]},&quot;element_pack_global_tooltip_width_mobile&quot;:{&quot;unit&quot;:&quot;px&quot;,&quot;size&quot;:&quot;&quot;,&quot;sizes&quot;:[]},&quot;element_pack_global_tooltip_padding&quot;:{&quot;unit&quot;:&quot;px&quot;,&quot;top&quot;:&quot;&quot;,&quot;right&quot;:&quot;&quot;,&quot;bottom&quot;:&quot;&quot;,&quot;left&quot;:&quot;&quot;,&quot;isLinked&quot;:true},&quot;element_pack_global_tooltip_padding_tablet&quot;:{&quot;unit&quot;:&quot;px&quot;,&quot;top&quot;:&quot;&quot;,&quot;right&quot;:&quot;&quot;,&quot;bottom&quot;:&quot;&quot;,&quot;left&quot;:&quot;&quot;,&quot;isLinked&quot;:true},&quot;element_pack_global_tooltip_padding_mobile&quot;:{&quot;unit&quot;:&quot;px&quot;,&quot;top&quot;:&quot;&quot;,&quot;right&quot;:&quot;&quot;,&quot;bottom&quot;:&quot;&quot;,&quot;left&quot;:&quot;&quot;,&quot;isLinked&quot;:true},&quot;element_pack_global_tooltip_border_radius&quot;:{&quot;unit&quot;:&quot;px&quot;,&quot;top&quot;:&quot;&quot;,&quot;right&quot;:&quot;&quot;,&quot;bottom&quot;:&quot;&quot;,&quot;left&quot;:&quot;&quot;,&quot;isLinked&quot;:true},&quot;element_pack_global_tooltip_border_radius_tablet&quot;:{&quot;unit&quot;:&quot;px&quot;,&quot;top&quot;:&quot;&quot;,&quot;right&quot;:&quot;&quot;,&quot;bottom&quot;:&quot;&quot;,&quot;left&quot;:&quot;&quot;,&quot;isLinked&quot;:true},&quot;element_pack_global_tooltip_border_radius_mobile&quot;:{&quot;unit&quot;:&quot;px&quot;,&quot;top&quot;:&quot;&quot;,&quot;right&quot;:&quot;&quot;,&quot;bottom&quot;:&quot;&quot;,&quot;left&quot;:&quot;&quot;,&quot;isLinked&quot;:true}}\" data-elementor-post-type=\"page\">\n\t\t\t\t<div class=\"elementor-element elementor-element-37a97a5 e-flex e-con-boxed e-con e-parent\" data-id=\"37a97a5\" data-element_type=\"container\" data-settings=\"{&quot;background_background&quot;:&quot;classic&quot;}\">\n\t\t\t\t\t<div class=\"e-con-inner\">\n\t\t\t\t<div class=\"elementor-element elementor-element-38df0a9 elementor-invisible elementor-widget elementor-widget-heading\" data-id=\"38df0a9\" data-element_type=\"widget\" data-settings=\"{&quot;_animation&quot;:&quot;fadeIn&quot;,&quot;_animation_delay&quot;:&quot;0&quot;}\" data-widget_type=\"heading.default\">\n\t\t\t\t<div class=\"elementor-widget-container\">\n\t\t\t\t\t<div class=\"elementor-heading-title elementor-size-default\">Support<\/div>\t\t\t\t<\/div>\n\t\t\t\t<\/div>\n\t\t\t\t<div class=\"elementor-element elementor-element-31d8785 elementor-invisible elementor-widget elementor-widget-heading\" data-id=\"31d8785\" data-element_type=\"widget\" data-settings=\"{&quot;_animation&quot;:&quot;fadeIn&quot;,&quot;_animation_delay&quot;:&quot;150&quot;}\" data-widget_type=\"heading.default\">\n\t\t\t\t<div class=\"elementor-widget-container\">\n\t\t\t\t\t<h1 class=\"elementor-heading-title elementor-size-default\">H\u1ed7 tr\u1ee3 kh\u00e1ch h\u00e0ng<\/h1>\t\t\t\t<\/div>\n\t\t\t\t<\/div>\n\t\t\t\t<div class=\"elementor-element elementor-element-1ca1232 elementor-invisible elementor-widget elementor-widget-heading\" data-id=\"1ca1232\" data-element_type=\"widget\" data-settings=\"{&quot;_animation&quot;:&quot;fadeIn&quot;,&quot;_animation_delay&quot;:250}\" data-widget_type=\"heading.default\">\n\t\t\t\t<div class=\"elementor-widget-container\">\n\t\t\t\t\t<div class=\"elementor-heading-title elementor-size-default\">\ud648 \u00b7 \uace0\uac1d\uc9c0\uc6d0 \u00b7 \ub274\uc2a4<\/div>\t\t\t\t<\/div>\n\t\t\t\t<\/div>\n\t\t\t\t\t<\/div>\n\t\t\t\t<\/div>\n\t\t<div class=\"elementor-element elementor-element-5e3d217 e-flex e-con-boxed e-con e-parent\" data-id=\"5e3d217\" data-element_type=\"container\">\n\t\t\t\t\t<div class=\"e-con-inner\">\n\t\t\t\t<div class=\"elementor-element elementor-element-60ac2cd elementor-widget elementor-widget-heading\" data-id=\"60ac2cd\" data-element_type=\"widget\" data-widget_type=\"heading.default\">\n\t\t\t\t<div class=\"elementor-widget-container\">\n\t\t\t\t\t<h2 class=\"elementor-heading-title elementor-size-default\">tin t\u1ee9c<\/h2>\t\t\t\t<\/div>\n\t\t\t\t<\/div>\n\t\t\t\t<div class=\"elementor-element elementor-element-420a565 elementor-widget elementor-widget-heading\" data-id=\"420a565\" data-element_type=\"widget\" data-widget_type=\"heading.default\">\n\t\t\t\t<div class=\"elementor-widget-container\">\n\t\t\t\t\t<p class=\"elementor-heading-title elementor-size-default\">\ub193\uce58\uba74 \ud6c4\ud68c\ud560 \uc0c8\ub85c\uc6b4 \uc18c\uc2dd\ub4e4\uc744 \ud655\uc778\ud574\ubcf4\uc138\uc694!<\/p>\t\t\t\t<\/div>\n\t\t\t\t<\/div>\n\t\t\t\t<div class=\"elementor-element elementor-element-f1614ad elementor-widget-divider--view-line elementor-widget elementor-widget-divider\" data-id=\"f1614ad\" data-element_type=\"widget\" data-widget_type=\"divider.default\">\n\t\t\t\t<div class=\"elementor-widget-container\">\n\t\t\t\t\t\t\t<div class=\"elementor-divider\">\n\t\t\t<span class=\"elementor-divider-separator\">\n\t\t\t\t\t\t<\/span>\n\t\t<\/div>\n\t\t\t\t\t\t<\/div>\n\t\t\t\t<\/div>\n\t\t\t\t<div class=\"elementor-element elementor-element-864dbf5 elementor-grid-3 elementor-grid-tablet-2 elementor-grid-mobile-1 elementor-widget elementor-widget-loop-grid\" data-id=\"864dbf5\" data-element_type=\"widget\" data-settings=\"{&quot;template_id&quot;:&quot;666&quot;,&quot;pagination_type&quot;:&quot;numbers_and_prev_next&quot;,&quot;row_gap&quot;:{&quot;unit&quot;:&quot;px&quot;,&quot;size&quot;:30,&quot;sizes&quot;:[]},&quot;_skin&quot;:&quot;post&quot;,&quot;columns&quot;:&quot;3&quot;,&quot;columns_tablet&quot;:&quot;2&quot;,&quot;columns_mobile&quot;:&quot;1&quot;,&quot;edit_handle_selector&quot;:&quot;[data-elementor-type=\\&quot;loop-item\\&quot;]&quot;,&quot;pagination_load_type&quot;:&quot;page_reload&quot;,&quot;row_gap_tablet&quot;:{&quot;unit&quot;:&quot;px&quot;,&quot;size&quot;:&quot;&quot;,&quot;sizes&quot;:[]},&quot;row_gap_mobile&quot;:{&quot;unit&quot;:&quot;px&quot;,&quot;size&quot;:&quot;&quot;,&quot;sizes&quot;:[]}}\" data-widget_type=\"loop-grid.post\">\n\t\t\t\t<div class=\"elementor-widget-container\">\n\t\t\t\t\t\t\t<div class=\"elementor-loop-container elementor-grid\" role=\"list\">\n\t\t<style id=\"loop-666\">.elementor-666 .elementor-element.elementor-element-61bc3ef0{--display:flex;--flex-direction:column;--container-widget-width:100%;--container-widget-height:initial;--container-widget-flex-grow:0;--container-widget-align-self:initial;--flex-wrap-mobile:wrap;--gap:20px 20px;--row-gap:20px;--column-gap:20px;}.elementor-666 .elementor-element.elementor-element-25fa1dab{--display:flex;}.elementor-666 .elementor-element.elementor-element-59f0fc91 img{width:100%;height:240px;object-fit:cover;object-position:center center;border-radius:20px 20px 20px 20px;}.elementor-666 .elementor-element.elementor-element-5d2ab7b1{--display:flex;--gap:10px 10px;--row-gap:10px;--column-gap:10px;--padding-top:0px;--padding-bottom:0px;--padding-left:20px;--padding-right:20px;}.elementor-666 .elementor-element.elementor-element-213254c3 .elementor-heading-title{font-size:14px;font-weight:700;line-height:1.2em;color:var( --e-global-color-uicore_primary );}.elementor-666 .elementor-element.elementor-element-4e2ab19d .elementor-heading-title{font-size:24px;font-weight:700;line-height:1.3em;color:#121212;}.elementor-666 .elementor-element.elementor-element-97f81d3{font-size:15px;font-weight:400;color:#929292;}@media(max-width:767px){.elementor-666 .elementor-element.elementor-element-4e2ab19d .elementor-heading-title{font-size:20px;}}<\/style>\t\t<div data-elementor-type=\"loop-item\" data-elementor-id=\"666\" class=\"elementor elementor-666 e-loop-item e-loop-item-434 post-434 news type-news status-publish has-post-thumbnail hentry\" data-elementor-post-type=\"elementor_library\" data-custom-edit-handle=\"1\">\n\t\t\t<a class=\"elementor-element elementor-element-61bc3ef0 e-con-full hover-translate-y-4 e-flex e-con e-parent\" data-id=\"61bc3ef0\" data-element_type=\"container\" href=\"https:\/\/solenvision.ai\/vi\/news\/%ed%85%8c%ec%8a%ac%eb%9d%bc-%ec%9e%90%ec%9c%a8%ec%a3%bc%ed%96%89-%ea%b8%b0%ec%88%a0-%ec%97%85%eb%8d%b0%ec%9d%b4%ed%8a%b8-%eb%b0%9c%ed%91%9c\/\">\n\t\t<div class=\"elementor-element elementor-element-25fa1dab e-con-full e-flex e-con e-child\" data-id=\"25fa1dab\" data-element_type=\"container\">\n\t\t\t\t<div class=\"elementor-element elementor-element-59f0fc91 elementor-widget elementor-widget-image\" data-id=\"59f0fc91\" data-element_type=\"widget\" data-widget_type=\"image.default\">\n\t\t\t\t<div class=\"elementor-widget-container\">\n\t\t\t\t\t\t\t\t\t\t\t\t\t\t\t<img fetchpriority=\"high\" decoding=\"async\" width=\"1000\" height=\"1000\" src=\"https:\/\/solenvision.ai\/wp-content\/uploads\/2024\/09\/tessla-car.webp\" class=\"attachment-large size-large wp-image-435\" alt=\"\" srcset=\"https:\/\/solenvision.ai\/wp-content\/uploads\/2024\/09\/tessla-car.webp 1024w, https:\/\/solenvision.ai\/wp-content\/uploads\/2024\/09\/tessla-car-300x300.webp 300w, https:\/\/solenvision.ai\/wp-content\/uploads\/2024\/09\/tessla-car-150x150.webp 150w, https:\/\/solenvision.ai\/wp-content\/uploads\/2024\/09\/tessla-car-768x768.webp 768w, https:\/\/solenvision.ai\/wp-content\/uploads\/2024\/09\/tessla-car-650x650.webp 650w\" sizes=\"(max-width: 1000px) 100vw, 1000px\" \/>\t\t\t\t\t\t\t\t\t\t\t\t\t\t\t<\/div>\n\t\t\t\t<\/div>\n\t\t\t\t<\/div>\n\t\t<div class=\"elementor-element elementor-element-5d2ab7b1 e-con-full e-flex e-con e-child\" data-id=\"5d2ab7b1\" data-element_type=\"container\">\n\t\t\t\t<div class=\"elementor-element elementor-element-213254c3 elementor-widget elementor-widget-heading\" data-id=\"213254c3\" data-element_type=\"widget\" data-widget_type=\"heading.default\">\n\t\t\t\t<div class=\"elementor-widget-container\">\n\t\t\t\t\t<div class=\"elementor-heading-title elementor-size-default\">2024-09-17<\/div>\t\t\t\t<\/div>\n\t\t\t\t<\/div>\n\t\t\t\t<div class=\"elementor-element elementor-element-4e2ab19d elementor-widget elementor-widget-heading\" data-id=\"4e2ab19d\" data-element_type=\"widget\" data-widget_type=\"heading.default\">\n\t\t\t\t<div class=\"elementor-widget-container\">\n\t\t\t\t\t<h3 class=\"elementor-heading-title elementor-size-default\">Tesla c\u00f4ng b\u1ed1 nh\u1eefng c\u1eadp nh\u1eadt cho c\u00f4ng ngh\u1ec7 t\u1ef1 l\u00e1i.<\/h3>\t\t\t\t<\/div>\n\t\t\t\t<\/div>\n\t\t\t\t<div class=\"elementor-element elementor-element-97f81d3 elementor-widget elementor-widget-text-editor\" data-id=\"97f81d3\" data-element_type=\"widget\" data-widget_type=\"text-editor.default\">\n\t\t\t\t<div class=\"elementor-widget-container\">\n\t\t\t\t\t\t\t\t\t<p>Tesla v\u1eeba c\u00f4ng b\u1ed1 k\u1ebf ho\u1ea1ch cung c\u1ea5p c\u00e1c t\u00ednh n\u0103ng l\u00e1i xe ti\u00ean ti\u1ebfn h\u01a1n v\u1edbi b\u1ea3n c\u1eadp nh\u1eadt ph\u1ea7n m\u1ec1m l\u00e1i t\u1ef1 \u0111\u1ed9ng m\u1edbi nh\u1ea5t. B\u1ea3n c\u1eadp nh\u1eadt n\u00e0y h\u1ee9a h\u1eb9n s\u1ebd c\u1ea3i thi\u1ec7n \u0111\u00e1ng k\u1ec3 s\u1ef1 an to\u00e0n tr\u00ean \u0111\u01b0\u1eddng cao t\u1ed1c. [\u2026]<\/p>\t\t\t\t\t\t\t\t<\/div>\n\t\t\t\t<\/div>\n\t\t\t\t<\/div>\n\t\t\t\t<\/a>\n\t\t\t\t<\/div>\n\t\t\t\t<div data-elementor-type=\"loop-item\" data-elementor-id=\"666\" class=\"elementor elementor-666 e-loop-item e-loop-item-165 post-165 news type-news status-publish has-post-thumbnail hentry\" data-elementor-post-type=\"elementor_library\" data-custom-edit-handle=\"1\">\n\t\t\t<a class=\"elementor-element elementor-element-61bc3ef0 e-con-full hover-translate-y-4 e-flex e-con e-parent\" data-id=\"61bc3ef0\" data-element_type=\"container\" href=\"https:\/\/solenvision.ai\/vi\/news\/%eb%89%b4%ec%8a%a4-02\/\">\n\t\t<div class=\"elementor-element elementor-element-25fa1dab e-con-full e-flex e-con e-child\" data-id=\"25fa1dab\" data-element_type=\"container\">\n\t\t\t\t<div class=\"elementor-element elementor-element-59f0fc91 elementor-widget elementor-widget-image\" data-id=\"59f0fc91\" data-element_type=\"widget\" data-widget_type=\"image.default\">\n\t\t\t\t<div class=\"elementor-widget-container\">\n\t\t\t\t\t\t\t\t\t\t\t\t\t\t\t<img decoding=\"async\" width=\"1000\" height=\"1000\" src=\"https:\/\/solenvision.ai\/wp-content\/uploads\/2024\/09\/samsung-nano.webp\" class=\"attachment-large size-large wp-image-436\" alt=\"\" srcset=\"https:\/\/solenvision.ai\/wp-content\/uploads\/2024\/09\/samsung-nano.webp 1024w, https:\/\/solenvision.ai\/wp-content\/uploads\/2024\/09\/samsung-nano-300x300.webp 300w, https:\/\/solenvision.ai\/wp-content\/uploads\/2024\/09\/samsung-nano-150x150.webp 150w, https:\/\/solenvision.ai\/wp-content\/uploads\/2024\/09\/samsung-nano-768x768.webp 768w, https:\/\/solenvision.ai\/wp-content\/uploads\/2024\/09\/samsung-nano-650x650.webp 650w\" sizes=\"(max-width: 1000px) 100vw, 1000px\" \/>\t\t\t\t\t\t\t\t\t\t\t\t\t\t\t<\/div>\n\t\t\t\t<\/div>\n\t\t\t\t<\/div>\n\t\t<div class=\"elementor-element elementor-element-5d2ab7b1 e-con-full e-flex e-con e-child\" data-id=\"5d2ab7b1\" data-element_type=\"container\">\n\t\t\t\t<div class=\"elementor-element elementor-element-213254c3 elementor-widget elementor-widget-heading\" data-id=\"213254c3\" data-element_type=\"widget\" data-widget_type=\"heading.default\">\n\t\t\t\t<div class=\"elementor-widget-container\">\n\t\t\t\t\t<div class=\"elementor-heading-title elementor-size-default\">2024-09-13<\/div>\t\t\t\t<\/div>\n\t\t\t\t<\/div>\n\t\t\t\t<div class=\"elementor-element elementor-element-4e2ab19d elementor-widget elementor-widget-heading\" data-id=\"4e2ab19d\" data-element_type=\"widget\" data-widget_type=\"heading.default\">\n\t\t\t\t<div class=\"elementor-widget-container\">\n\t\t\t\t\t<h3 class=\"elementor-heading-title elementor-size-default\">Samsung Electronics b\u1eaft \u0111\u1ea7u s\u1ea3n xu\u1ea5t h\u00e0ng lo\u1ea1t chip 3 nanomet.<\/h3>\t\t\t\t<\/div>\n\t\t\t\t<\/div>\n\t\t\t\t<div class=\"elementor-element elementor-element-97f81d3 elementor-widget elementor-widget-text-editor\" data-id=\"97f81d3\" data-element_type=\"widget\" data-widget_type=\"text-editor.default\">\n\t\t\t\t<div class=\"elementor-widget-container\">\n\t\t\t\t\t\t\t\t\t<p>Samsung Electronics \u0111\u00e3 b\u1eaft \u0111\u1ea7u s\u1ea3n xu\u1ea5t h\u00e0ng lo\u1ea1t ch\u1ea5t b\u00e1n d\u1eabn 3 nanomet l\u1ea7n \u0111\u1ea7u ti\u00ean tr\u00ean th\u1ebf gi\u1edbi. C\u00f4ng ngh\u1ec7 n\u00e0y h\u1ee9a h\u1eb9n s\u1ebd c\u00e1ch m\u1ea1ng h\u00f3a th\u1ecb tr\u01b0\u1eddng \u0111i\u1ec7n tho\u1ea1i th\u00f4ng minh v\u00e0 m\u00e1y ch\u1ee7 th\u1ebf h\u1ec7 ti\u1ebfp theo b\u1eb1ng c\u00e1ch t\u1ed1i \u0111a h\u00f3a hi\u1ec7u n\u0103ng v\u00e0 gi\u1ea3m m\u1ee9c ti\u00eau th\u1ee5 \u0111i\u1ec7n n\u0103ng.<\/p>\t\t\t\t\t\t\t\t<\/div>\n\t\t\t\t<\/div>\n\t\t\t\t<\/div>\n\t\t\t\t<\/a>\n\t\t\t\t<\/div>\n\t\t\t\t<div data-elementor-type=\"loop-item\" data-elementor-id=\"666\" class=\"elementor elementor-666 e-loop-item e-loop-item-163 post-163 news type-news status-publish has-post-thumbnail hentry\" data-elementor-post-type=\"elementor_library\" data-custom-edit-handle=\"1\">\n\t\t\t<a class=\"elementor-element elementor-element-61bc3ef0 e-con-full hover-translate-y-4 e-flex e-con e-parent\" data-id=\"61bc3ef0\" data-element_type=\"container\" href=\"https:\/\/solenvision.ai\/vi\/news\/%eb%89%b4%ec%8a%a4-01\/\">\n\t\t<div class=\"elementor-element elementor-element-25fa1dab e-con-full e-flex e-con e-child\" data-id=\"25fa1dab\" data-element_type=\"container\">\n\t\t\t\t<div class=\"elementor-element elementor-element-59f0fc91 elementor-widget elementor-widget-image\" data-id=\"59f0fc91\" data-element_type=\"widget\" data-widget_type=\"image.default\">\n\t\t\t\t<div class=\"elementor-widget-container\">\n\t\t\t\t\t\t\t\t\t\t\t\t\t\t\t<img decoding=\"async\" width=\"1000\" height=\"1000\" src=\"https:\/\/solenvision.ai\/wp-content\/uploads\/2024\/09\/asdasdfsaf.webp\" class=\"attachment-large size-large wp-image-437\" alt=\"\" srcset=\"https:\/\/solenvision.ai\/wp-content\/uploads\/2024\/09\/asdasdfsaf.webp 1024w, https:\/\/solenvision.ai\/wp-content\/uploads\/2024\/09\/asdasdfsaf-300x300.webp 300w, https:\/\/solenvision.ai\/wp-content\/uploads\/2024\/09\/asdasdfsaf-150x150.webp 150w, https:\/\/solenvision.ai\/wp-content\/uploads\/2024\/09\/asdasdfsaf-768x768.webp 768w, https:\/\/solenvision.ai\/wp-content\/uploads\/2024\/09\/asdasdfsaf-650x650.webp 650w\" sizes=\"(max-width: 1000px) 100vw, 1000px\" \/>\t\t\t\t\t\t\t\t\t\t\t\t\t\t\t<\/div>\n\t\t\t\t<\/div>\n\t\t\t\t<\/div>\n\t\t<div class=\"elementor-element elementor-element-5d2ab7b1 e-con-full e-flex e-con e-child\" data-id=\"5d2ab7b1\" data-element_type=\"container\">\n\t\t\t\t<div class=\"elementor-element elementor-element-213254c3 elementor-widget elementor-widget-heading\" data-id=\"213254c3\" data-element_type=\"widget\" data-widget_type=\"heading.default\">\n\t\t\t\t<div class=\"elementor-widget-container\">\n\t\t\t\t\t<div class=\"elementor-heading-title elementor-size-default\">2024-09-13<\/div>\t\t\t\t<\/div>\n\t\t\t\t<\/div>\n\t\t\t\t<div class=\"elementor-element elementor-element-4e2ab19d elementor-widget elementor-widget-heading\" data-id=\"4e2ab19d\" data-element_type=\"widget\" data-widget_type=\"heading.default\">\n\t\t\t\t<div class=\"elementor-widget-container\">\n\t\t\t\t\t<h3 class=\"elementor-heading-title elementor-size-default\">S\u1ef1 b\u00f9ng n\u1ed5 c\u00e1c c\u00f4ng ty kh\u1edfi nghi\u1ec7p AI th\u00fac \u0111\u1ea9y \u0111\u1ea7u t\u01b0 to\u00e0n c\u1ea7u<\/h3>\t\t\t\t<\/div>\n\t\t\t\t<\/div>\n\t\t\t\t<div class=\"elementor-element elementor-element-97f81d3 elementor-widget elementor-widget-text-editor\" data-id=\"97f81d3\" data-element_type=\"widget\" data-widget_type=\"text-editor.default\">\n\t\t\t\t<div class=\"elementor-widget-container\">\n\t\t\t\t\t\t\t\t\t<p>\u0110\u1ea7u t\u01b0 to\u00e0n c\u1ea7u v\u00e0o c\u00e1c c\u00f4ng ty kh\u1edfi nghi\u1ec7p ph\u00e1t tri\u1ec3n c\u00f4ng ngh\u1ec7 tr\u00ed tu\u1ec7 nh\u00e2n t\u1ea1o (AI) \u0111ang t\u0103ng nhanh ch\u00f3ng. C\u00e1c c\u00f4ng ty \u1ee9ng d\u1ee5ng c\u00f4ng ngh\u1ec7 AI trong tr\u00ed tu\u1ec7 nh\u00e2n t\u1ea1o t\u1ea1o sinh v\u00e0 ch\u0103m s\u00f3c s\u1ee9c kh\u1ecfe \u0111ang \u0111\u1eb7c bi\u1ec7t \u0111\u01b0\u1ee3c ch\u00fa \u00fd.<\/p>\t\t\t\t\t\t\t\t<\/div>\n\t\t\t\t<\/div>\n\t\t\t\t<\/div>\n\t\t\t\t<\/a>\n\t\t\t\t<\/div>\n\t\t\t\t<\/div>\n\t\t\n\t\t\t\t\t\t<\/div>\n\t\t\t\t<\/div>\n\t\t\t\t\t<\/div>\n\t\t\t\t<\/div>\n\t\t\t\t<\/div>","protected":false},"excerpt":{"rendered":"<p>Support \uace0\uac1d\uc9c0\uc6d0 \ud648 \u00b7 \uace0\uac1d\uc9c0\uc6d0 \u00b7 \ub274\uc2a4 \ub274\uc2a4 \ub193\uce58\uba74 \ud6c4\ud68c\ud560 \uc0c8\ub85c\uc6b4 \uc18c\uc2dd\ub4e4\uc744 \ud655\uc778\ud574\ubcf4\uc138\uc694!<\/p>","protected":false},"author":3,"featured_media":0,"parent":0,"menu_order":13,"comment_status":"closed","ping_status":"closed","template":"","meta":{"_acf_changed":false,"footnotes":""},"class_list":["post-419","page","type-page","status-publish","hentry"],"acf":[],"_links":{"self":[{"href":"https:\/\/solenvision.ai\/vi\/wp-json\/wp\/v2\/pages\/419","targetHints":{"allow":["GET"]}}],"collection":[{"href":"https:\/\/solenvision.ai\/vi\/wp-json\/wp\/v2\/pages"}],"about":[{"href":"https:\/\/solenvision.ai\/vi\/wp-json\/wp\/v2\/types\/page"}],"author":[{"embeddable":true,"href":"https:\/\/solenvision.ai\/vi\/wp-json\/wp\/v2\/users\/3"}],"replies":[{"embeddable":true,"href":"https:\/\/solenvision.ai\/vi\/wp-json\/wp\/v2\/comments?post=419"}],"version-history":[{"count":0,"href":"https:\/\/solenvision.ai\/vi\/wp-json\/wp\/v2\/pages\/419\/revisions"}],"wp:attachment":[{"href":"https:\/\/solenvision.ai\/vi\/wp-json\/wp\/v2\/media?parent=419"}],"curies":[{"name":"wp","href":"https:\/\/api.w.org\/{rel}","templated":true}]}}