{"id":204,"date":"2024-09-16T18:04:49","date_gmt":"2024-09-16T09:04:49","guid":{"rendered":"https:\/\/business01.one-tenth.kr\/?page_id=204"},"modified":"2026-01-16T10:48:41","modified_gmt":"2026-01-16T01:48:41","slug":"%ec%9d%b8%ec%82%ac%eb%a7%90","status":"publish","type":"page","link":"https:\/\/solenvision.ai\/vi\/%ec%9d%b8%ec%82%ac%eb%a7%90\/","title":{"rendered":"Th\u00f4ng \u0111i\u1ec7p t\u1eeb CEO"},"content":{"rendered":"<div data-elementor-type=\"wp-page\" data-elementor-id=\"204\" class=\"elementor elementor-204\" data-elementor-settings=\"{&quot;element_pack_global_tooltip_width&quot;:{&quot;unit&quot;:&quot;px&quot;,&quot;size&quot;:&quot;&quot;,&quot;sizes&quot;:[]},&quot;element_pack_global_tooltip_width_tablet&quot;:{&quot;unit&quot;:&quot;px&quot;,&quot;size&quot;:&quot;&quot;,&quot;sizes&quot;:[]},&quot;element_pack_global_tooltip_width_mobile&quot;:{&quot;unit&quot;:&quot;px&quot;,&quot;size&quot;:&quot;&quot;,&quot;sizes&quot;:[]},&quot;element_pack_global_tooltip_padding&quot;:{&quot;unit&quot;:&quot;px&quot;,&quot;top&quot;:&quot;&quot;,&quot;right&quot;:&quot;&quot;,&quot;bottom&quot;:&quot;&quot;,&quot;left&quot;:&quot;&quot;,&quot;isLinked&quot;:true},&quot;element_pack_global_tooltip_padding_tablet&quot;:{&quot;unit&quot;:&quot;px&quot;,&quot;top&quot;:&quot;&quot;,&quot;right&quot;:&quot;&quot;,&quot;bottom&quot;:&quot;&quot;,&quot;left&quot;:&quot;&quot;,&quot;isLinked&quot;:true},&quot;element_pack_global_tooltip_padding_mobile&quot;:{&quot;unit&quot;:&quot;px&quot;,&quot;top&quot;:&quot;&quot;,&quot;right&quot;:&quot;&quot;,&quot;bottom&quot;:&quot;&quot;,&quot;left&quot;:&quot;&quot;,&quot;isLinked&quot;:true},&quot;element_pack_global_tooltip_border_radius&quot;:{&quot;unit&quot;:&quot;px&quot;,&quot;top&quot;:&quot;&quot;,&quot;right&quot;:&quot;&quot;,&quot;bottom&quot;:&quot;&quot;,&quot;left&quot;:&quot;&quot;,&quot;isLinked&quot;:true},&quot;element_pack_global_tooltip_border_radius_tablet&quot;:{&quot;unit&quot;:&quot;px&quot;,&quot;top&quot;:&quot;&quot;,&quot;right&quot;:&quot;&quot;,&quot;bottom&quot;:&quot;&quot;,&quot;left&quot;:&quot;&quot;,&quot;isLinked&quot;:true},&quot;element_pack_global_tooltip_border_radius_mobile&quot;:{&quot;unit&quot;:&quot;px&quot;,&quot;top&quot;:&quot;&quot;,&quot;right&quot;:&quot;&quot;,&quot;bottom&quot;:&quot;&quot;,&quot;left&quot;:&quot;&quot;,&quot;isLinked&quot;:true}}\" data-elementor-post-type=\"page\">\n\t\t\t\t<div class=\"elementor-element elementor-element-4c88ba12 e-flex e-con-boxed e-con e-parent\" data-id=\"4c88ba12\" data-element_type=\"container\" data-settings=\"{&quot;background_background&quot;:&quot;classic&quot;}\">\n\t\t\t\t\t<div class=\"e-con-inner\">\n\t\t\t\t<div class=\"elementor-element elementor-element-3be7aee3 elementor-widget elementor-widget-text-editor\" data-id=\"3be7aee3\" data-element_type=\"widget\" data-widget_type=\"text-editor.default\">\n\t\t\t\t<div class=\"elementor-widget-container\">\n\t\t\t\t\t\t\t\t\t<!DOCTYPE html>\n<html lang=\"ko\">\n<head>\n  <meta charset=\"UTF-8\">\n  <meta name=\"viewport\" content=\"width=device-width, initial-scale=1.0\">\n  <title>SolenVision AI &#8211; \uc778\uc0ac\ub9d0<\/title>\n  <link href=\"https:\/\/cdn.jsdelivr.net\/gh\/orioncactus\/pretendard\/dist\/web\/static\/pretendard.css\" rel=\"stylesheet\">\n  <link href=\"https:\/\/fonts.googleapis.com\/css2?family=Cormorant+Garamond:wght@400;500;600;700&#038;display=swap\" rel=\"stylesheet\">\n  <style>\n    * { margin: 0; padding: 0; box-sizing: border-box; }\n    \n    body {\n      font-family: 'Pretendard', -apple-system, sans-serif;\n      background-color: transparent;\n      color: #e2e8f0;\n      line-height: 1.9;\n    }\n\n    .greeting-section {\n      max-width: 1200px;\n      margin: 0 auto;\n      padding: 80px 50px;\n    }\n\n    .section-label {\n      display: inline-block;\n      font-size: 0.8rem;\n      letter-spacing: 0.25em;\n      text-transform: uppercase;\n      color: #f97316;\n      margin-bottom: 50px;\n      padding: 8px 24px;\n      border: 1px solid rgba(249, 115, 22, 0.3);\n      border-radius: 50px;\n    }\n\n    .greeting-content {\n      display: grid;\n      grid-template-columns: 350px 1fr;\n      gap: 70px;\n      align-items: start;\n    }\n\n    .greeting-left {\n      position: sticky;\n      top: 100px;\n    }\n\n    .logo-container {\n      width: 100%;\n      aspect-ratio: 1;\n      background: transparent;\n      border-radius: 20px;\n      display: flex;\n      align-items: center;\n      justify-content: center;\n      margin-bottom: 30px;\n      position: relative;\n      overflow: hidden;\n    }\n\n    .logo-placeholder {\n      text-align: center;\n      color: #64748b;\n    }\n\n    .logo-placeholder-icon {\n      font-size: 4rem;\n      margin-bottom: 10px;\n      opacity: 0.5;\n    }\n\n    .logo-placeholder-text {\n      font-size: 0.85rem;\n      letter-spacing: 0.1em;\n    }\n\n    .logo-container img {\n      max-width: 100%;\n      max-height: 100%;\n      object-fit: contain;\n    }\n\n    .ceo-info {\n      text-align: center;\n      padding: 25px;\n      background: linear-gradient(145deg, rgba(30, 41, 59, 0.5) 0%, rgba(15, 23, 42, 0.7) 100%);\n      border-radius: 16px;\n      border: 1px solid rgba(249, 115, 22, 0.1);\n    }\n\n    .ceo-title {\n      font-size: 0.8rem;\n      letter-spacing: 0.15em;\n      text-transform: uppercase;\n      color: #fb923c;\n      margin-bottom: 8px;\n    }\n\n    .ceo-name {\n      font-family: 'Cormorant Garamond', serif;\n      font-size: 1.8rem;\n      font-weight: 600;\n      color: #f8fafc;\n      margin-bottom: 12px;\n    }\n\n    .ceo-company {\n      font-size: 0.9rem;\n      color: #94a3b8;\n    }\n\n    .greeting-right {\n      padding-top: 20px;\n    }\n\n    .slogan-top {\n      font-family: 'Cormorant Garamond', serif;\n      font-size: 1.4rem;\n      font-style: italic;\n      color: #fcd34d;\n      margin-bottom: 30px;\n    }\n\n    .greeting-title {\n      font-family: 'Cormorant Garamond', serif;\n      font-size: 2.2rem;\n      font-weight: 600;\n      color: #f8fafc;\n      margin-bottom: 40px;\n      line-height: 1.4;\n    }\n\n    .greeting-title .highlight {\n      background: linear-gradient(135deg, #fbbf24 0%, #f97316 100%);\n      -webkit-background-clip: text;\n      -webkit-text-fill-color: transparent;\n      background-clip: text;\n    }\n\n    .greeting-paragraph {\n      font-size: 1.05rem;\n      color: #cbd5e1;\n      font-weight: 300;\n      line-height: 2;\n      margin-bottom: 28px;\n    }\n\n    .greeting-paragraph .emphasis {\n      color: #f8fafc;\n      font-weight: 400;\n    }\n\n    .greeting-paragraph .highlight {\n      color: #fb923c;\n      font-weight: 500;\n    }\n\n    .slogan-quote {\n      margin: 40px 0;\n      padding: 30px 35px;\n      background: linear-gradient(135deg, rgba(249,115,22,0.1) 0%, rgba(251,191,36,0.05) 100%);\n      border-left: 3px solid #f97316;\n      border-radius: 0 12px 12px 0;\n    }\n\n    .slogan-quote p {\n      font-family: 'Cormorant Garamond', serif;\n      font-size: 1.3rem;\n      font-style: italic;\n      color: #fcd34d;\n      margin-bottom: 10px;\n    }\n\n    .slogan-quote span {\n      font-size: 0.95rem;\n      color: #94a3b8;\n      font-style: normal;\n    }\n\n    .greeting-closing {\n      margin-top: 40px;\n      padding-top: 30px;\n      border-top: 1px solid rgba(249, 115, 22, 0.2);\n    }\n\n    .greeting-closing p {\n      font-size: 1.05rem;\n      color: #cbd5e1;\n      font-weight: 300;\n      line-height: 2;\n    }\n\n    .signature {\n      margin-top: 40px;\n      text-align: right;\n    }\n\n    .signature-thanks {\n      font-size: 1.1rem;\n      color: #f8fafc;\n      margin-bottom: 15px;\n    }\n\n    .signature-name {\n      font-family: 'Cormorant Garamond', serif;\n      font-size: 1.4rem;\n      color: #fb923c;\n      font-weight: 600;\n    }\n\n    @media (max-width: 900px) {\n      .greeting-content {\n        grid-template-columns: 1fr;\n        gap: 50px;\n      }\n      .greeting-left {\n        position: static;\n        max-width: 320px;\n        margin: 0 auto;\n      }\n      .logo-container {\n        aspect-ratio: 1.2;\n      }\n    }\n  <\/style>\n<\/head>\n<body>\n  <section class=\"greeting-section\">\n    <span class=\"section-label\">CEO Message<\/span>\n\n    <div class=\"greeting-content\">\n      <div class=\"greeting-left\">\n        <div class=\"logo-container\">\n          <img decoding=\"async\" src=\"http:\/\/solenvision.ai\/wp-content\/uploads\/2026\/01\/\uc790\uc0b0-3-1.png\" alt=\"SolenVision AI Logo\">\n        <\/div>\n        \n\n      <\/div>\n\n      <div class=\"greeting-right\">\n        <p class=\"slogan-top\">&#8220;Guided by Light. Driven by Intelligence.&#8221;<\/p>\n        \n        <h2 class=\"greeting-title translation-block\">Xin ch\u00e0o,<br>\n          T\u00f4i l\u00e0 <span class=\"highlight\">Kim Sungbeom<\/span>, T\u1ed5ng Gi\u00e1m \u0111\u1ed1c \u0111i\u1ec1u h\u00e0nh.<\/h2>\n\n        <p class=\"greeting-paragraph translation-block\">Ch\u00fang t\u00f4i h\u01b0\u1edbng t\u1edbi vi\u1ec7c k\u1ebft n\u1ed1i cu\u1ed9c s\u1ed1ng theo c\u00e1ch an to\u00e0n h\u01a1n, ti\u1ec7n l\u1ee3i h\u01a1n v\u00e0 mang l\u1ea1i tr\u1ea3i nghi\u1ec7m t\u1ed1t h\u01a1n, d\u1ef1a tr\u00ean c\u00e1c c\u00f4ng ngh\u1ec7 <span class=\"emphasis\">tr\u00ed tu\u1ec7 nh\u00e2n t\u1ea1o (AI), h\u1ecdc s\u00e2u, c\u00f9ng m\u00f4 h\u00ecnh ng\u00f4n ng\u1eef l\u1edbn (LLM) v\u00e0 m\u00f4 h\u00ecnh th\u1ecb gi\u00e1c \u2013 ng\u00f4n ng\u1eef (VLM)<\/span>.<\/p>\n\n        <p class=\"greeting-paragraph translation-block\">C\u00f4ng ngh\u1ec7 c\u1ee7a ch\u00fang t\u00f4i hi\u1ec3u v\u00e0 k\u1ebft h\u1ee3p nhi\u1ec1u lo\u1ea1i d\u1eef li\u1ec7u nh\u01b0 video v\u00e0 h\u00ecnh \u1ea3nh, nh\u1eb1m gi\u1ea3m b\u1edbt nh\u1eefng b\u1ea5t ti\u1ec7n trong cu\u1ed9c s\u1ed1ng h\u1eb1ng ng\u00e0y, \u0111\u01a1n gi\u1ea3n h\u00f3a c\u00e1c quy tr\u00ecnh ph\u1ee9c t\u1ea1p v\u00e0 mang l\u1ea1i <span class=\"emphasis\">tr\u1ea3i nghi\u1ec7m ng\u01b0\u1eddi d\u00f9ng t\u1ef1 nhi\u00ean, tr\u1ef1c quan h\u01a1n<\/span>.<\/p>\n\n        <p class=\"greeting-paragraph translation-block\">Ch\u00fang t\u00f4i tin r\u1eb1ng c\u00f4ng ngh\u1ec7 kh\u00f4ng t\u1ed3n t\u1ea1i v\u00ec ch\u00ednh n\u00f3, m\u00e0 l\u00e0 <span class=\"highlight\">m\u1ed9t c\u00f4ng c\u1ee5 ph\u1ee5c v\u1ee5 con ng\u01b0\u1eddi v\u00e0 x\u00e3 h\u1ed9i<\/span>. V\u00ec v\u1eady, ch\u00fang t\u00f4i t\u00f4n tr\u1ecdng s\u1ef1 kh\u00e1c bi\u1ec7t gi\u1eefa c\u00e1c qu\u1ed1c gia, ng\u00e0nh ngh\u1ec1 v\u00e0 m\u00f4i tr\u01b0\u1eddng s\u1ed1ng, \u0111\u1ed3ng th\u1eddi tu\u00e2n th\u1ee7 nguy\u00ean t\u1eafc ch\u1ec9 cung c\u1ea5p nh\u1eefng gi\u1ea3i ph\u00e1p \u0111\u00e3 \u0111\u01b0\u1ee3c ki\u1ec3m ch\u1ee9ng trong th\u1ef1c t\u1ebf v\u1eadn h\u00e0nh.<\/p>\n\n        <div class=\"slogan-quote\">\n          <p>&#8220;Guided by Light. Driven by Intelligence.&#8221;<\/p>\n          <span>M\u1ee5c ti\u00eau c\u1ee7a ch\u00fang t\u00f4i l\u00e0 tr\u1edf th\u00e0nh \u0111\u1ed1i t\u00e1c \u0111\u1ed5i m\u1edbi trong \u0111\u1eddi s\u1ed1ng h\u1eb1ng ng\u00e0y, \u0111\u01b0\u1ee3c tin c\u1eady th\u00f4ng qua AI minh b\u1ea1ch v\u00e0 c\u00f3 tr\u00e1ch nhi\u1ec7m.<\/span>\n        <\/div>\n\n        <div class=\"greeting-closing\">\n          <p>\n            Th\u00f4ng qua \u0111\u1ed5i m\u1edbi c\u00f4ng ngh\u1ec7 li\u00ean t\u1ee5c v\u00e0 h\u1ee3p t\u00e1c d\u00e0i h\u1ea1n, ch\u00fang t\u00f4i s\u1ebd ti\u1ebfp t\u1ee5c ki\u1ebfn t\u1ea1o m\u1ed9t cu\u1ed9c s\u1ed1ng h\u1eb1ng ng\u00e0y ti\u1ec7n l\u1ee3i v\u00e0 th\u00f4ng minh h\u01a1n, \u0111\u1ed3ng th\u1eddi ph\u00e1t tri\u1ec3n c\u00f9ng kh\u00e1ch h\u00e0ng tr\u00ean to\u00e0n th\u1ebf gi\u1edbi.\n          <\/p>\n        <\/div>\n\n        <div class=\"signature\">\n          <p class=\"signature-thanks\">Xin c\u1ea3m \u01a1n.<\/p>\n          <p class=\"signature-name\">SolenVision AI CEO Ryan Kim<\/p>\n        <\/div>\n      <\/div>\n    <\/div>\n  <\/section>\n<\/body>\n<\/html>\n\t\t\t\t\t\t\t\t<\/div>\n\t\t\t\t<\/div>\n\t\t\t\t\t<\/div>\n\t\t\t\t<\/div>\n\t\t\t\t<\/div>","protected":false},"excerpt":{"rendered":"<p>SolenVision AI &#8211; \uc778\uc0ac\ub9d0 CEO Message &#8220;Guided by Light. Driven by Intelligence.&#8221; \uc548\ub155\ud558\uc2ed\ub2c8\uae4c, \ub300\ud45c\uc774\uc0ac \uae40\uc131\ubc94\uc785\ub2c8\ub2e4. \uc800\ud76c\ub294 \uc778\uacf5\uc9c0\ub2a5(AI)\uacfc \ub525\ub7ec\ub2dd, \uadf8\ub9ac\uace0 \ub300\uaddc\ubaa8 \uc5b8\uc5b4\ubaa8\ub378(LLM)\uacfc \ube44\uc804-\uc5b8\uc5b4 [&hellip;]<\/p>","protected":false},"author":3,"featured_media":0,"parent":0,"menu_order":2,"comment_status":"closed","ping_status":"closed","template":"","meta":{"_acf_changed":false,"footnotes":""},"class_list":["post-204","page","type-page","status-publish","hentry"],"acf":[],"_links":{"self":[{"href":"https:\/\/solenvision.ai\/vi\/wp-json\/wp\/v2\/pages\/204","targetHints":{"allow":["GET"]}}],"collection":[{"href":"https:\/\/solenvision.ai\/vi\/wp-json\/wp\/v2\/pages"}],"about":[{"href":"https:\/\/solenvision.ai\/vi\/wp-json\/wp\/v2\/types\/page"}],"author":[{"embeddable":true,"href":"https:\/\/solenvision.ai\/vi\/wp-json\/wp\/v2\/users\/3"}],"replies":[{"embeddable":true,"href":"https:\/\/solenvision.ai\/vi\/wp-json\/wp\/v2\/comments?post=204"}],"version-history":[{"count":49,"href":"https:\/\/solenvision.ai\/vi\/wp-json\/wp\/v2\/pages\/204\/revisions"}],"predecessor-version":[{"id":1894,"href":"https:\/\/solenvision.ai\/vi\/wp-json\/wp\/v2\/pages\/204\/revisions\/1894"}],"wp:attachment":[{"href":"https:\/\/solenvision.ai\/vi\/wp-json\/wp\/v2\/media?parent=204"}],"curies":[{"name":"wp","href":"https:\/\/api.w.org\/{rel}","templated":true}]}}