{"id":1815,"date":"2026-01-16T06:00:40","date_gmt":"2026-01-15T21:00:40","guid":{"rendered":"https:\/\/solenvision.ai\/?page_id=1815"},"modified":"2026-01-16T09:49:11","modified_gmt":"2026-01-16T00:49:11","slug":"%ed%95%b5%ec%8b%ac%ea%b0%80%ec%b9%98","status":"publish","type":"page","link":"https:\/\/solenvision.ai\/vi\/%ed%95%b5%ec%8b%ac%ea%b0%80%ec%b9%98\/","title":{"rendered":"Gi\u00e1 tr\u1ecb c\u1ed1t l\u00f5i"},"content":{"rendered":"<div data-elementor-type=\"wp-page\" data-elementor-id=\"1815\" class=\"elementor elementor-1815\" data-elementor-settings=\"{&quot;element_pack_global_tooltip_width&quot;:{&quot;unit&quot;:&quot;px&quot;,&quot;size&quot;:&quot;&quot;,&quot;sizes&quot;:[]},&quot;element_pack_global_tooltip_width_tablet&quot;:{&quot;unit&quot;:&quot;px&quot;,&quot;size&quot;:&quot;&quot;,&quot;sizes&quot;:[]},&quot;element_pack_global_tooltip_width_mobile&quot;:{&quot;unit&quot;:&quot;px&quot;,&quot;size&quot;:&quot;&quot;,&quot;sizes&quot;:[]},&quot;element_pack_global_tooltip_padding&quot;:{&quot;unit&quot;:&quot;px&quot;,&quot;top&quot;:&quot;&quot;,&quot;right&quot;:&quot;&quot;,&quot;bottom&quot;:&quot;&quot;,&quot;left&quot;:&quot;&quot;,&quot;isLinked&quot;:true},&quot;element_pack_global_tooltip_padding_tablet&quot;:{&quot;unit&quot;:&quot;px&quot;,&quot;top&quot;:&quot;&quot;,&quot;right&quot;:&quot;&quot;,&quot;bottom&quot;:&quot;&quot;,&quot;left&quot;:&quot;&quot;,&quot;isLinked&quot;:true},&quot;element_pack_global_tooltip_padding_mobile&quot;:{&quot;unit&quot;:&quot;px&quot;,&quot;top&quot;:&quot;&quot;,&quot;right&quot;:&quot;&quot;,&quot;bottom&quot;:&quot;&quot;,&quot;left&quot;:&quot;&quot;,&quot;isLinked&quot;:true},&quot;element_pack_global_tooltip_border_radius&quot;:{&quot;unit&quot;:&quot;px&quot;,&quot;top&quot;:&quot;&quot;,&quot;right&quot;:&quot;&quot;,&quot;bottom&quot;:&quot;&quot;,&quot;left&quot;:&quot;&quot;,&quot;isLinked&quot;:true},&quot;element_pack_global_tooltip_border_radius_tablet&quot;:{&quot;unit&quot;:&quot;px&quot;,&quot;top&quot;:&quot;&quot;,&quot;right&quot;:&quot;&quot;,&quot;bottom&quot;:&quot;&quot;,&quot;left&quot;:&quot;&quot;,&quot;isLinked&quot;:true},&quot;element_pack_global_tooltip_border_radius_mobile&quot;:{&quot;unit&quot;:&quot;px&quot;,&quot;top&quot;:&quot;&quot;,&quot;right&quot;:&quot;&quot;,&quot;bottom&quot;:&quot;&quot;,&quot;left&quot;:&quot;&quot;,&quot;isLinked&quot;:true}}\" data-elementor-post-type=\"page\">\n\t\t\t\t<div class=\"elementor-element elementor-element-312ea19a e-flex e-con-boxed e-con e-parent\" data-id=\"312ea19a\" data-element_type=\"container\" data-settings=\"{&quot;background_background&quot;:&quot;classic&quot;}\">\n\t\t\t\t\t<div class=\"e-con-inner\">\n\t\t\t\t<div class=\"elementor-element elementor-element-1be86761 elementor-widget elementor-widget-text-editor\" data-id=\"1be86761\" data-element_type=\"widget\" data-widget_type=\"text-editor.default\">\n\t\t\t\t<div class=\"elementor-widget-container\">\n\t\t\t\t\t\t\t\t\t<!DOCTYPE html>\n<html lang=\"ko\">\n<head>\n  <meta charset=\"UTF-8\">\n  <meta name=\"viewport\" content=\"width=device-width, initial-scale=1.0\">\n  <title>SolenVision AI &#8211; \ud575\uc2ec \uac00\uce58<\/title>\n  <link href=\"https:\/\/cdn.jsdelivr.net\/gh\/orioncactus\/pretendard\/dist\/web\/static\/pretendard.css\" rel=\"stylesheet\">\n  <link href=\"https:\/\/fonts.googleapis.com\/css2?family=Cormorant+Garamond:wght@400;500;600;700&#038;display=swap\" rel=\"stylesheet\">\n  <style>\n    * { margin: 0; padding: 0; box-sizing: border-box; }\n    \n    body {\n      font-family: 'Pretendard', -apple-system, sans-serif;\n      background-color: transparent;\n      color: #e2e8f0;\n      line-height: 1.8;\n    }\n\n    .values-section {\n      max-width: 1300px;\n      margin: 0 auto;\n      padding: 80px 50px;\n    }\n\n    \/* Header *\/\n    .section-header {\n      text-align: center;\n      margin-bottom: 70px;\n    }\n\n    .section-label {\n      display: inline-block;\n      font-size: 0.8rem;\n      letter-spacing: 0.25em;\n      text-transform: uppercase;\n      color: #f97316;\n      margin-bottom: 20px;\n      padding: 8px 24px;\n      border: 1px solid rgba(249, 115, 22, 0.3);\n      border-radius: 50px;\n    }\n\n    .section-title {\n      font-family: 'Cormorant Garamond', serif;\n      font-size: 2.8rem;\n      font-weight: 600;\n      color: #f8fafc;\n    }\n\n    .section-subtitle {\n      font-size: 1.1rem;\n      color: #94a3b8;\n      margin-top: 12px;\n      font-weight: 300;\n    }\n\n    \/* Values Grid *\/\n    .values-grid {\n      display: grid;\n      grid-template-columns: repeat(3, 1fr);\n      gap: 30px;\n    }\n\n    .value-card {\n      background: linear-gradient(145deg, rgba(30, 41, 59, 0.6) 0%, rgba(15, 23, 42, 0.8) 100%);\n      border: 1px solid rgba(249, 115, 22, 0.1);\n      border-radius: 16px;\n      padding: 40px 35px;\n      transition: all 0.3s ease;\n      position: relative;\n      overflow: hidden;\n    }\n\n    .value-card::before {\n      content: '';\n      position: absolute;\n      top: 0;\n      left: 0;\n      width: 100%;\n      height: 3px;\n      background: linear-gradient(90deg, #f97316, #fbbf24);\n      opacity: 0;\n      transition: opacity 0.3s ease;\n    }\n\n    .value-card:hover {\n      border-color: rgba(249, 115, 22, 0.3);\n      transform: translateY(-5px);\n    }\n\n    .value-card:hover::before {\n      opacity: 1;\n    }\n\n    \/* Large cards for last 2 *\/\n    .value-card.large {\n      grid-column: span 1;\n    }\n\n    .values-grid .value-card:nth-child(4),\n    .values-grid .value-card:nth-child(5) {\n      grid-column: span 1;\n    }\n\n    \/* Adjust grid for 5 items: 3 + 2 centered *\/\n    .values-bottom {\n      display: grid;\n      grid-template-columns: repeat(2, 1fr);\n      gap: 30px;\n      max-width: 880px;\n      margin: 30px auto 0;\n    }\n\n    .value-number {\n      font-family: 'Cormorant Garamond', serif;\n      font-size: 3.5rem;\n      font-weight: 600;\n      background: linear-gradient(135deg, #fbbf24 0%, #f97316 100%);\n      -webkit-background-clip: text;\n      -webkit-text-fill-color: transparent;\n      background-clip: text;\n      line-height: 1;\n      margin-bottom: 20px;\n    }\n\n    .value-title {\n      font-size: 0.75rem;\n      letter-spacing: 0.15em;\n      text-transform: uppercase;\n      color: #fb923c;\n      margin-bottom: 8px;\n    }\n\n    .value-name {\n      font-size: 1.4rem;\n      font-weight: 600;\n      color: #f8fafc;\n      margin-bottom: 16px;\n    }\n\n    .value-description {\n      font-size: 0.95rem;\n      color: #94a3b8;\n      font-weight: 300;\n      line-height: 1.9;\n    }\n\n    @media (max-width: 1024px) {\n      .values-grid {\n        grid-template-columns: repeat(2, 1fr);\n      }\n      .values-bottom {\n        grid-template-columns: 1fr;\n        max-width: 100%;\n      }\n    }\n\n    @media (max-width: 640px) {\n      .values-grid {\n        grid-template-columns: 1fr;\n      }\n      .section-title { font-size: 2.2rem; }\n    }\n  <\/style>\n<\/head>\n<body>\n  <section class=\"values-section\">\n    <!-- Header -->\n    <div class=\"section-header\">\n      <span class=\"section-label\">Core Values<\/span>\n      <h1 class=\"section-title\">Gi\u00e1 tr\u1ecb c\u1ed1t l\u00f5i<\/h1>\n      <p class=\"section-subtitle\">N\u0103m nguy\u00ean t\u1eafc \u0111\u1ecbnh h\u01b0\u1edbng c\u1ee7a ch\u00fang t\u00f4i<\/p>\n    <\/div>\n\n    <!-- Top 3 Cards -->\n    <div class=\"values-grid\">\n      <div class=\"value-card\">\n        <div class=\"value-number\">01<\/div>\n        <p class=\"value-title\">Integrity<\/p>\n        <h3 class=\"value-name\">Tin c\u1eady<\/h3>\n        <p class=\"value-description\">\n          Ch\u00fang t\u00f4i x\u00e2y d\u1ef1ng ni\u1ec1m tin tr\u01b0\u1edbc khi x\u00e2y d\u1ef1ng c\u00f4ng ngh\u1ec7. AI ph\u1ea3i minh b\u1ea1ch, c\u00f3 tr\u00e1ch nhi\u1ec7m v\u00e0 \u0111\u00e1ng tin c\u1eady khi tham gia s\u00e2u v\u00e0o \u0111\u1eddi s\u1ed1ng v\u00e0 kh\u00f4ng gian c\u1ee7a con ng\u01b0\u1eddi.\n        <\/p>\n      <\/div>\n\n      <div class=\"value-card\">\n        <div class=\"value-number\">02<\/div>\n        <p class=\"value-title\">S\u1ef1 \u0111\u1ed5i m\u1edbi<\/p>\n        <h3 class=\"value-name\">\u0110\u1ed5i m\u1edbi<\/h3>\n        <p class=\"value-description\">\n          Ch\u00fang t\u00f4i kh\u00f4ng ng\u1eebng ti\u1ebfn l\u00ean. Lu\u00f4n m\u1edf r\u1ed9ng gi\u1edbi h\u1ea1n c\u1ee7a Vision AI v\u00e0 ki\u1ebfn t\u1ea1o tr\u00ed tu\u1ec7 c\u1ee7a t\u01b0\u01a1ng lai ngay h\u00f4m nay.\n        <\/p>\n      <\/div>\n\n      <div class=\"value-card\">\n        <div class=\"value-number\">03<\/div>\n        <p class=\"value-title\">Human-Centricity<\/p>\n        <h3 class=\"value-name\">L\u1ea5y con ng\u01b0\u1eddi l\u00e0m trung t\u00e2m<\/h3>\n        <p class=\"value-description\">\n          M\u1ecdi quy\u1ebft \u0111\u1ecbnh \u0111\u1ec1u xoay quanh con ng\u01b0\u1eddi. AI kh\u00f4ng thay th\u1ebf con ng\u01b0\u1eddi, m\u00e0 b\u1ea3o v\u1ec7, h\u1ed7 tr\u1ee3 v\u00e0 trao quy\u1ec1n cho h\u1ecd.\n        <\/p>\n      <\/div>\n    <\/div>\n\n    <!-- Bottom 2 Cards (Centered) -->\n    <div class=\"values-bottom\">\n      <div class=\"value-card\">\n        <div class=\"value-number\">04<\/div>\n        <p class=\"value-title\">Scalability<\/p>\n        <h3 class=\"value-name\">Kh\u1ea3 n\u0103ng m\u1edf r\u1ed9ng<\/h3>\n        <p class=\"value-description\">\n          T\u1eeb m\u1ed9t kh\u00f4ng gian nh\u1ecf \u0111\u1ebfn to\u00e0n b\u1ed9 th\u00e0nh ph\u1ed1 v\u00e0 qu\u1ed1c gia, h\u1ec7 th\u1ed1ng c\u1ee7a ch\u00fang t\u00f4i lu\u00f4n linh ho\u1ea1t v\u00e0 s\u1eb5n s\u00e0ng m\u1edf r\u1ed9ng.\n        <\/p>\n      <\/div>\n\n      <div class=\"value-card\">\n        <div class=\"value-number\">05<\/div>\n        <p class=\"value-title\">Security &#038; Privacy<\/p>\n        <h3 class=\"value-name\">B\u1ea3o m\u1eadt &amp; Quy\u1ec1n ri\u00eang t\u01b0<\/h3>\n        <p class=\"value-description\">\n          Ni\u1ec1m tin b\u1eaft \u0111\u1ea7u t\u1eeb s\u1ef1 b\u1ea3o v\u1ec7. Ch\u00fang t\u00f4i coi b\u1ea3o m\u1eadt v\u00e0 quy\u1ec1n ri\u00eang t\u01b0 l\u00e0 quy\u1ec1n c\u01a1 b\u1ea3n, kh\u00f4ng bao gi\u1edd l\u00e0 t\u00f9y ch\u1ecdn.\n        <\/p>\n      <\/div>\n    <\/div>\n  <\/section>\n<\/body>\n<\/html>\n\t\t\t\t\t\t\t\t<\/div>\n\t\t\t\t<\/div>\n\t\t\t\t\t<\/div>\n\t\t\t\t<\/div>\n\t\t\t\t<\/div>","protected":false},"excerpt":{"rendered":"<p>SolenVision AI &#8211; \ud575\uc2ec \uac00\uce58 Core Values \ud575\uc2ec \uac00\uce58 \uc6b0\ub9ac\uac00 \uc9c0\ud0a4\ub294 \ub2e4\uc12f \uac00\uc9c0 \uc6d0\uce59 01 Integrity \uc2e0\ub8b0 \uc6b0\ub9ac\ub294 \uae30\uc220\ubcf4\ub2e4 \uc2e0\ub8b0\ub97c \uba3c\uc800 \ub9cc\ub4ed\ub2c8\ub2e4. [&hellip;]<\/p>","protected":false},"author":3,"featured_media":0,"parent":0,"menu_order":0,"comment_status":"closed","ping_status":"closed","template":"","meta":{"_acf_changed":false,"footnotes":""},"class_list":["post-1815","page","type-page","status-publish","hentry"],"acf":[],"_links":{"self":[{"href":"https:\/\/solenvision.ai\/vi\/wp-json\/wp\/v2\/pages\/1815","targetHints":{"allow":["GET"]}}],"collection":[{"href":"https:\/\/solenvision.ai\/vi\/wp-json\/wp\/v2\/pages"}],"about":[{"href":"https:\/\/solenvision.ai\/vi\/wp-json\/wp\/v2\/types\/page"}],"author":[{"embeddable":true,"href":"https:\/\/solenvision.ai\/vi\/wp-json\/wp\/v2\/users\/3"}],"replies":[{"embeddable":true,"href":"https:\/\/solenvision.ai\/vi\/wp-json\/wp\/v2\/comments?post=1815"}],"version-history":[{"count":4,"href":"https:\/\/solenvision.ai\/vi\/wp-json\/wp\/v2\/pages\/1815\/revisions"}],"predecessor-version":[{"id":1884,"href":"https:\/\/solenvision.ai\/vi\/wp-json\/wp\/v2\/pages\/1815\/revisions\/1884"}],"wp:attachment":[{"href":"https:\/\/solenvision.ai\/vi\/wp-json\/wp\/v2\/media?parent=1815"}],"curies":[{"name":"wp","href":"https:\/\/api.w.org\/{rel}","templated":true}]}}