{"id":1813,"date":"2026-01-16T06:00:39","date_gmt":"2026-01-15T21:00:39","guid":{"rendered":"https:\/\/solenvision.ai\/?page_id=1813"},"modified":"2026-01-16T08:59:21","modified_gmt":"2026-01-15T23:59:21","slug":"%eb%af%b8%ec%85%98","status":"publish","type":"page","link":"https:\/\/solenvision.ai\/vi\/%eb%af%b8%ec%85%98\/","title":{"rendered":"S\u1ee9 m\u1ec7nh"},"content":{"rendered":"<div data-elementor-type=\"wp-page\" data-elementor-id=\"1813\" class=\"elementor elementor-1813\" data-elementor-settings=\"{&quot;element_pack_global_tooltip_width&quot;:{&quot;unit&quot;:&quot;px&quot;,&quot;size&quot;:&quot;&quot;,&quot;sizes&quot;:[]},&quot;element_pack_global_tooltip_width_tablet&quot;:{&quot;unit&quot;:&quot;px&quot;,&quot;size&quot;:&quot;&quot;,&quot;sizes&quot;:[]},&quot;element_pack_global_tooltip_width_mobile&quot;:{&quot;unit&quot;:&quot;px&quot;,&quot;size&quot;:&quot;&quot;,&quot;sizes&quot;:[]},&quot;element_pack_global_tooltip_padding&quot;:{&quot;unit&quot;:&quot;px&quot;,&quot;top&quot;:&quot;&quot;,&quot;right&quot;:&quot;&quot;,&quot;bottom&quot;:&quot;&quot;,&quot;left&quot;:&quot;&quot;,&quot;isLinked&quot;:true},&quot;element_pack_global_tooltip_padding_tablet&quot;:{&quot;unit&quot;:&quot;px&quot;,&quot;top&quot;:&quot;&quot;,&quot;right&quot;:&quot;&quot;,&quot;bottom&quot;:&quot;&quot;,&quot;left&quot;:&quot;&quot;,&quot;isLinked&quot;:true},&quot;element_pack_global_tooltip_padding_mobile&quot;:{&quot;unit&quot;:&quot;px&quot;,&quot;top&quot;:&quot;&quot;,&quot;right&quot;:&quot;&quot;,&quot;bottom&quot;:&quot;&quot;,&quot;left&quot;:&quot;&quot;,&quot;isLinked&quot;:true},&quot;element_pack_global_tooltip_border_radius&quot;:{&quot;unit&quot;:&quot;px&quot;,&quot;top&quot;:&quot;&quot;,&quot;right&quot;:&quot;&quot;,&quot;bottom&quot;:&quot;&quot;,&quot;left&quot;:&quot;&quot;,&quot;isLinked&quot;:true},&quot;element_pack_global_tooltip_border_radius_tablet&quot;:{&quot;unit&quot;:&quot;px&quot;,&quot;top&quot;:&quot;&quot;,&quot;right&quot;:&quot;&quot;,&quot;bottom&quot;:&quot;&quot;,&quot;left&quot;:&quot;&quot;,&quot;isLinked&quot;:true},&quot;element_pack_global_tooltip_border_radius_mobile&quot;:{&quot;unit&quot;:&quot;px&quot;,&quot;top&quot;:&quot;&quot;,&quot;right&quot;:&quot;&quot;,&quot;bottom&quot;:&quot;&quot;,&quot;left&quot;:&quot;&quot;,&quot;isLinked&quot;:true}}\" data-elementor-post-type=\"page\">\n\t\t\t\t<div class=\"elementor-element elementor-element-6577a9d2 e-flex e-con-boxed e-con e-parent\" data-id=\"6577a9d2\" data-element_type=\"container\" data-settings=\"{&quot;background_background&quot;:&quot;classic&quot;}\">\n\t\t\t\t\t<div class=\"e-con-inner\">\n\t\t\t\t<div class=\"elementor-element elementor-element-1e8dd93 elementor-widget elementor-widget-text-editor\" data-id=\"1e8dd93\" data-element_type=\"widget\" data-widget_type=\"text-editor.default\">\n\t\t\t\t<div class=\"elementor-widget-container\">\n\t\t\t\t\t\t\t\t\t<!DOCTYPE html>\n<html lang=\"ko\">\n<head>\n  <meta charset=\"UTF-8\">\n  <meta name=\"viewport\" content=\"width=device-width, initial-scale=1.0\">\n  <title>SolenVision AI &#8211; \ubbf8\uc158<\/title>\n  <link href=\"https:\/\/cdn.jsdelivr.net\/gh\/orioncactus\/pretendard\/dist\/web\/static\/pretendard.css\" rel=\"stylesheet\">\n  <link href=\"https:\/\/fonts.googleapis.com\/css2?family=Cormorant+Garamond:wght@400;500;600;700&#038;display=swap\" rel=\"stylesheet\">\n  <style>\n    * { margin: 0; padding: 0; box-sizing: border-box; }\n    \n    body {\n      font-family: 'Pretendard', -apple-system, sans-serif;\n      background-color: transparent;\n      color: #e2e8f0;\n      line-height: 1.9;\n    }\n\n    .mission-section {\n      max-width: 1200px;\n      margin: 0 auto;\n      padding: 80px 50px;\n    }\n\n    \/* Section Label *\/\n    .section-label {\n      display: inline-block;\n      font-size: 0.8rem;\n      letter-spacing: 0.25em;\n      text-transform: uppercase;\n      color: #f97316;\n      margin-bottom: 50px;\n      padding: 8px 24px;\n      border: 1px solid rgba(249, 115, 22, 0.3);\n      border-radius: 50px;\n    }\n\n    \/* Quote Block *\/\n    .quote-block {\n      position: relative;\n      margin-bottom: 70px;\n      padding-left: 40px;\n    }\n\n    .quote-mark {\n      position: absolute;\n      left: 0;\n      top: -20px;\n      font-family: 'Cormorant Garamond', serif;\n      font-size: 8rem;\n      color: rgba(249, 115, 22, 0.15);\n      line-height: 1;\n      pointer-events: none;\n    }\n\n    .mission-headline {\n      font-family: 'Cormorant Garamond', serif;\n      font-size: 2.5rem;\n      font-weight: 600;\n      line-height: 1.5;\n      color: #f8fafc;\n      position: relative;\n      z-index: 1;\n    }\n\n    .mission-headline .highlight-line {\n      display: block;\n      margin-top: 8px;\n      background: linear-gradient(135deg, #fbbf24 0%, #f97316 50%, #ea580c 100%);\n      -webkit-background-clip: text;\n      -webkit-text-fill-color: transparent;\n      background-clip: text;\n    }\n\n    \/* Two Column Layout *\/\n    .mission-content {\n      display: grid;\n      grid-template-columns: 1fr 1fr;\n      gap: 60px;\n    }\n\n    .mission-column {\n      display: flex;\n      flex-direction: column;\n      gap: 28px;\n    }\n\n    .mission-paragraph {\n      font-size: 1.05rem;\n      color: #cbd5e1;\n      font-weight: 300;\n      line-height: 2;\n    }\n\n    .highlight { color: #fb923c; font-weight: 500; }\n    .emphasis { color: #f8fafc; font-weight: 500; }\n\n    \/* Closing Statement *\/\n    .mission-closing {\n      grid-column: 1 \/ -1;\n      margin-top: 50px;\n      padding: 40px;\n      text-align: center;\n      background: linear-gradient(135deg, rgba(249,115,22,0.08) 0%, rgba(251,191,36,0.05) 100%);\n      border-radius: 12px;\n      border: 1px solid rgba(249, 115, 22, 0.15);\n    }\n\n    .mission-closing p {\n      font-size: 1.2rem;\n      color: #f8fafc;\n      font-weight: 400;\n      line-height: 1.8;\n    }\n\n    .mission-closing .final-text {\n      display: block;\n      margin-top: 16px;\n      font-family: 'Cormorant Garamond', serif;\n      font-size: 1.4rem;\n      font-weight: 600;\n      color: #fb923c;\n    }\n\n    @media (max-width: 768px) {\n      .mission-content {\n        grid-template-columns: 1fr;\n        gap: 30px;\n      }\n      .mission-headline { font-size: 2rem; }\n    }\n  <\/style>\n<\/head>\n<body>\n  <section class=\"mission-section\">\n    <span class=\"section-label\">Mission<\/span>\n    \n    <!-- Quote Block -->\n    <div class=\"quote-block\">\n      <span class=\"quote-mark\">&#8220;<\/span>\n      <h1 class=\"mission-headline translation-block\">Ki\u1ebfn t\u1ea1o nh\u1eefng kh\u00f4ng gian an to\u00e0n v\u00e0 th\u00f4ng minh h\u01a1n\n        <span class=\"highlight-line\">th\u00f4ng qua Vision AI l\u1ea5y con ng\u01b0\u1eddi l\u00e0m trung t\u00e2m.<\/span><\/h1>\n    <\/div>\n\n    <!-- Two Column Content -->\n    <div class=\"mission-content\">\n      <div class=\"mission-column\">\n        <p class=\"mission-paragraph translation-block\">S\u1ee9 m\u1ec7nh c\u1ee7a ch\u00fang t\u00f4i kh\u00f4ng ch\u1ec9 l\u00e0 ph\u00e1t tri\u1ec3n c\u00f4ng ngh\u1ec7. Ch\u00fang t\u00f4i tin r\u1eb1ng AI kh\u00f4ng n\u00ean gi\u00e1m s\u00e1t hay thay th\u1ebf con ng\u01b0\u1eddi, m\u00e0 ph\u1ea3i <span class=\"emphasis\">b\u1ea3o v\u1ec7, h\u1ed7 tr\u1ee3 v\u00e0 th\u1ea5u hi\u1ec3u<\/span> m\u00f4i tr\u01b0\u1eddng n\u01a1i con ng\u01b0\u1eddi sinh s\u1ed1ng.<\/p>\n\n        <p class=\"mission-paragraph\">\n          M\u1ecdi gi\u1ea3i ph\u00e1p c\u1ee7a SolenVision AI \u0111\u1ec1u nh\u1eb1m l\u00e0m cho kh\u00f4ng gian tr\u1edf n\u00ean an to\u00e0n h\u01a1n, m\u00f4i tr\u01b0\u1eddng h\u1eb1ng ng\u00e0y tr\u1edf n\u00ean th\u00f4ng minh h\u01a1n, v\u00e0 gi\u00fap th\u00e0nh ph\u1ed1 c\u0169ng nh\u01b0 ng\u00e0nh c\u00f4ng nghi\u1ec7p v\u1eadn h\u00e0nh hi\u1ec7u qu\u1ea3 h\u01a1n.\n        <\/p>\n      <\/div>\n\n      <div class=\"mission-column\">\n        <p class=\"mission-paragraph translation-block\">Th\u00f4ng qua Vision AI, ch\u00fang t\u00f4i gi\u00fap <span class=\"highlight\">kh\u00f4ng gian t\u1ef1 nh\u1eadn th\u1ee9c, hi\u1ec3u \u0111i\u1ec1u \u0111ang di\u1ec5n ra b\u00ean trong, v\u00e0 ph\u1ea3n h\u1ed3i con ng\u01b0\u1eddi m\u1ed9t c\u00e1ch ch\u1ee7 \u0111\u1ed9ng<\/span>.<\/p>\n\n        <p class=\"mission-paragraph translation-block\">SolenVision AI x\u00e2y d\u1ef1ng tr\u00ed tu\u1ec7 ho\u1ea1t \u0111\u1ed9ng \u00e2m th\u1ea7m \u1edf h\u1eadu tr\u01b0\u1eddng\u2014 kh\u00f4ng x\u00e2m l\u1ea5n, lu\u00f4n \u0111\u00e1ng tin c\u1eady, tr\u1edf th\u00e0nh <span class=\"emphasis\">\u0111\u1ed1i t\u00e1c \u0111\u00e1ng tin c\u1eady<\/span> trong m\u1ecdi kh\u00f4ng gian s\u1ed1ng v\u00e0 l\u00e0m vi\u1ec7c.<\/p>\n      <\/div>\n\n      <!-- Closing -->\n      <div class=\"mission-closing\">\n        <p class=\"translation-block\"><span class=\"highlight\">Con ng\u01b0\u1eddi<\/span> lu\u00f4n l\u00e0 trung t\u00e2m trong m\u1ecdi \u0111i\u1ec1u ch\u00fang t\u00f4i th\u1ef1c hi\u1ec7n.\n          <span class=\"final-text\">\u0110\u00f3 l\u00e0 m\u1ee5c \u0111\u00edch t\u1ed3n t\u1ea1i c\u1ee7a ch\u00fang t\u00f4i, v\u00e0 l\u00e0 c\u00e1ch ch\u00fang t\u00f4i ki\u1ebfn t\u1ea1o AI.<\/span><\/p>\n      <\/div>\n    <\/div>\n  <\/section>\n<\/body>\n<\/html>\n\t\t\t\t\t\t\t\t<\/div>\n\t\t\t\t<\/div>\n\t\t\t\t\t<\/div>\n\t\t\t\t<\/div>\n\t\t\t\t<\/div>","protected":false},"excerpt":{"rendered":"<p>SolenVision AI &#8211; \ubbf8\uc158 Mission &#8220; \uc0ac\ub78c \uc911\uc2ec\uc758 \ube44\uc804 AI\ub85c, \ub354 \uc548\uc804\ud558\uace0 \ub354 \uc2a4\ub9c8\ud2b8\ud55c \uc138\uc0c1\uc744 \uc2e4\ud604\ud569\ub2c8\ub2e4. SolenVision AI\uc758 \ubbf8\uc158\uc740 \ub2e8\uc21c\ud788 \uae30\uc220\uc744 \uac1c\ubc1c\ud558\ub294 [&hellip;]<\/p>","protected":false},"author":3,"featured_media":0,"parent":0,"menu_order":0,"comment_status":"closed","ping_status":"closed","template":"","meta":{"_acf_changed":false,"footnotes":""},"class_list":["post-1813","page","type-page","status-publish","hentry"],"acf":[],"_links":{"self":[{"href":"https:\/\/solenvision.ai\/vi\/wp-json\/wp\/v2\/pages\/1813","targetHints":{"allow":["GET"]}}],"collection":[{"href":"https:\/\/solenvision.ai\/vi\/wp-json\/wp\/v2\/pages"}],"about":[{"href":"https:\/\/solenvision.ai\/vi\/wp-json\/wp\/v2\/types\/page"}],"author":[{"embeddable":true,"href":"https:\/\/solenvision.ai\/vi\/wp-json\/wp\/v2\/users\/3"}],"replies":[{"embeddable":true,"href":"https:\/\/solenvision.ai\/vi\/wp-json\/wp\/v2\/comments?post=1813"}],"version-history":[{"count":5,"href":"https:\/\/solenvision.ai\/vi\/wp-json\/wp\/v2\/pages\/1813\/revisions"}],"predecessor-version":[{"id":1880,"href":"https:\/\/solenvision.ai\/vi\/wp-json\/wp\/v2\/pages\/1813\/revisions\/1880"}],"wp:attachment":[{"href":"https:\/\/solenvision.ai\/vi\/wp-json\/wp\/v2\/media?parent=1813"}],"curies":[{"name":"wp","href":"https:\/\/api.w.org\/{rel}","templated":true}]}}