{"id":1812,"date":"2026-01-16T06:00:39","date_gmt":"2026-01-15T21:00:39","guid":{"rendered":"https:\/\/solenvision.ai\/?page_id=1812"},"modified":"2026-01-16T08:31:11","modified_gmt":"2026-01-15T23:31:11","slug":"%eb%b9%84%ec%a0%84","status":"publish","type":"page","link":"https:\/\/solenvision.ai\/vi\/%eb%b9%84%ec%a0%84\/","title":{"rendered":"T\u1ea7m nh\u00ecn"},"content":{"rendered":"<div data-elementor-type=\"wp-page\" data-elementor-id=\"1812\" class=\"elementor elementor-1812\" data-elementor-settings=\"{&quot;element_pack_global_tooltip_width&quot;:{&quot;unit&quot;:&quot;px&quot;,&quot;size&quot;:&quot;&quot;,&quot;sizes&quot;:[]},&quot;element_pack_global_tooltip_width_tablet&quot;:{&quot;unit&quot;:&quot;px&quot;,&quot;size&quot;:&quot;&quot;,&quot;sizes&quot;:[]},&quot;element_pack_global_tooltip_width_mobile&quot;:{&quot;unit&quot;:&quot;px&quot;,&quot;size&quot;:&quot;&quot;,&quot;sizes&quot;:[]},&quot;element_pack_global_tooltip_padding&quot;:{&quot;unit&quot;:&quot;px&quot;,&quot;top&quot;:&quot;&quot;,&quot;right&quot;:&quot;&quot;,&quot;bottom&quot;:&quot;&quot;,&quot;left&quot;:&quot;&quot;,&quot;isLinked&quot;:true},&quot;element_pack_global_tooltip_padding_tablet&quot;:{&quot;unit&quot;:&quot;px&quot;,&quot;top&quot;:&quot;&quot;,&quot;right&quot;:&quot;&quot;,&quot;bottom&quot;:&quot;&quot;,&quot;left&quot;:&quot;&quot;,&quot;isLinked&quot;:true},&quot;element_pack_global_tooltip_padding_mobile&quot;:{&quot;unit&quot;:&quot;px&quot;,&quot;top&quot;:&quot;&quot;,&quot;right&quot;:&quot;&quot;,&quot;bottom&quot;:&quot;&quot;,&quot;left&quot;:&quot;&quot;,&quot;isLinked&quot;:true},&quot;element_pack_global_tooltip_border_radius&quot;:{&quot;unit&quot;:&quot;px&quot;,&quot;top&quot;:&quot;&quot;,&quot;right&quot;:&quot;&quot;,&quot;bottom&quot;:&quot;&quot;,&quot;left&quot;:&quot;&quot;,&quot;isLinked&quot;:true},&quot;element_pack_global_tooltip_border_radius_tablet&quot;:{&quot;unit&quot;:&quot;px&quot;,&quot;top&quot;:&quot;&quot;,&quot;right&quot;:&quot;&quot;,&quot;bottom&quot;:&quot;&quot;,&quot;left&quot;:&quot;&quot;,&quot;isLinked&quot;:true},&quot;element_pack_global_tooltip_border_radius_mobile&quot;:{&quot;unit&quot;:&quot;px&quot;,&quot;top&quot;:&quot;&quot;,&quot;right&quot;:&quot;&quot;,&quot;bottom&quot;:&quot;&quot;,&quot;left&quot;:&quot;&quot;,&quot;isLinked&quot;:true}}\" data-elementor-post-type=\"page\">\n\t\t\t\t<div class=\"elementor-element elementor-element-63e8686d e-flex e-con-boxed e-con e-parent\" data-id=\"63e8686d\" data-element_type=\"container\" data-settings=\"{&quot;background_background&quot;:&quot;classic&quot;}\">\n\t\t\t\t\t<div class=\"e-con-inner\">\n\t\t\t\t<div class=\"elementor-element elementor-element-5cff9e2e elementor-widget elementor-widget-text-editor\" data-id=\"5cff9e2e\" data-element_type=\"widget\" data-widget_type=\"text-editor.default\">\n\t\t\t\t<div class=\"elementor-widget-container\">\n\t\t\t\t\t\t\t\t\t<!DOCTYPE html>\n<html lang=\"ko\">\n<head>\n  <meta charset=\"UTF-8\">\n  <meta name=\"viewport\" content=\"width=device-width, initial-scale=1.0\">\n  <title>SolenVision AI &#8211; \ube44\uc804<\/title>\n  <link href=\"https:\/\/cdn.jsdelivr.net\/gh\/orioncactus\/pretendard\/dist\/web\/static\/pretendard.css\" rel=\"stylesheet\">\n  <link href=\"https:\/\/fonts.googleapis.com\/css2?family=Cormorant+Garamond:wght@400;500;600;700&#038;display=swap\" rel=\"stylesheet\">\n  <style>\n    * { margin: 0; padding: 0; box-sizing: border-box; }\n    \n    body {\n      font-family: 'Pretendard', -apple-system, sans-serif;\n      background-color: transparent;\n      color: #e2e8f0;\n      line-height: 1.9;\n    }\n\n    .vision-section {\n      max-width: 1000px;\n      margin: 0 auto;\n      padding: 80px 50px;\n      text-align: center;\n    }\n\n    .section-label {\n      display: inline-block;\n      font-size: 0.8rem;\n      letter-spacing: 0.25em;\n      text-transform: uppercase;\n      color: #f97316;\n      margin-bottom: 40px;\n      padding: 8px 24px;\n      border: 1px solid rgba(249, 115, 22, 0.3);\n      border-radius: 50px;\n    }\n\n    .vision-headline {\n      font-family: 'Cormorant Garamond', serif;\n      font-size: 2.4rem;\n      font-weight: 600;\n      line-height: 1.5;\n      margin-bottom: 60px;\n      color: #f8fafc;\n    }\n\n    .vision-headline .highlight-line {\n      display: block;\n      margin-top: 8px;\n      background: linear-gradient(135deg, #fbbf24 0%, #f97316 50%, #ea580c 100%);\n      -webkit-background-clip: text;\n      -webkit-text-fill-color: transparent;\n      background-clip: text;\n    }\n\n    .divider-center {\n      width: 80px;\n      height: 2px;\n      background: linear-gradient(90deg, transparent, #f97316, transparent);\n      margin: 0 auto 50px;\n    }\n\n    .vision-body {\n      max-width: 800px;\n      margin: 0 auto;\n      text-align: left;\n    }\n\n    .vision-paragraph {\n      font-size: 1.1rem;\n      color: #cbd5e1;\n      margin-bottom: 32px;\n      font-weight: 300;\n      line-height: 2;\n    }\n\n    .highlight { color: #fb923c; font-weight: 500; }\n    .emphasis { color: #f8fafc; font-weight: 500; }\n    .sub-highlight { color: #fcd34d; }\n\n    .vision-closing {\n      margin-top: 50px;\n      padding: 50px 40px;\n      text-align: center;\n      position: relative;\n    }\n\n    .vision-closing::before {\n      content: '';\n      position: absolute;\n      top: 0;\n      left: 50%;\n      transform: translateX(-50%);\n      width: 60%;\n      height: 1px;\n      background: linear-gradient(90deg, transparent, rgba(249,115,22,0.4), transparent);\n    }\n\n    .vision-closing p {\n      font-size: 1.2rem;\n      color: #f1f5f9;\n      font-weight: 400;\n      line-height: 1.9;\n    }\n\n    .vision-closing .final-highlight {\n      display: block;\n      margin-top: 24px;\n      font-family: 'Cormorant Garamond', serif;\n      font-size: 1.5rem;\n      font-weight: 600;\n      color: #fb923c;\n    }\n  <\/style>\n<\/head>\n<body>\n  <section class=\"vision-section\">\n    <span class=\"section-label\">Vision<\/span>\n    \n    <h1 class=\"vision-headline translation-block\">Tr\u1edf th\u00e0nh nh\u00e0 l\u00e3nh \u0111\u1ea1o to\u00e0n c\u1ea7u v\u1ec1 Vision AI \u0111\u00e1ng tin c\u1eady,\n      <span class=\"highlight-line\">ki\u1ebfn t\u1ea1o th\u1ebf gi\u1edbi n\u01a1i con ng\u01b0\u1eddi, c\u00f4ng ngh\u1ec7 v\u00e0 m\u00f4i tr\u01b0\u1eddng h\u00e0i h\u00f2a.<\/span><\/h1>\n\n    <div class=\"divider-center\"><\/div>\n\n    <div class=\"vision-body\">\n      <p class=\"vision-paragraph translation-block\">Ch\u00fang t\u00f4i h\u00ecnh dung m\u1ed9t t\u01b0\u01a1ng lai n\u01a1i AI kh\u00f4ng c\u00f2n l\u00e0 c\u00f4ng c\u1ee5 k\u1ef9 thu\u1eadt xa r\u1eddi con ng\u01b0\u1eddi, m\u00e0 l\u00e0 <span class=\"emphasis\">tr\u00ed tu\u1ec7 th\u1ef1c s\u1ef1 hi\u1ec3u con ng\u01b0\u1eddi, kh\u00f4ng gian v\u00e0 b\u1ed1i c\u1ea3nh<\/span>.<\/p>\n\n      <p class=\"vision-paragraph translation-block\">Trong th\u00e0nh ph\u1ed1, nh\u00e0 m\u00e1y, khu\u00f4n vi\u00ean, b\u1ec7nh vi\u1ec7n v\u00e0 kh\u00f4ng gian c\u00f4ng c\u1ed9ng, AI ph\u1ea3i v\u01b0\u1ee3t qua vi\u1ec7c ch\u1ec9 <span class=\"highlight\">\"nh\u00ecn th\u1ea5y\"<\/span>. N\u00f3 c\u1ea7n gi\u00fap kh\u00f4ng gian t\u1ef1 nh\u1eadn th\u1ee9c, hi\u1ec3u \u0111i\u1ec1u \u0111ang di\u1ec5n ra, v\u00e0 <span class=\"emphasis\">\u00e2m th\u1ea7m b\u1ea3o v\u1ec7 nh\u1eefng ng\u01b0\u1eddi b\u00ean trong<\/span>.<\/p>\n\n      <p class=\"vision-paragraph translation-block\">Th\u00f4ng qua Vision AI \u0111\u00e1ng tin c\u1eady, <span class=\"highlight\">SolenVision AI<\/span> x\u00e2y d\u1ef1ng <span class=\"emphasis\">m\u1ed9t th\u1ebf gi\u1edbi n\u01a1i con ng\u01b0\u1eddi, thi\u1ebft b\u1ecb v\u00e0 m\u00f4i tr\u01b0\u1eddng \u0111\u01b0\u1ee3c k\u1ebft n\u1ed1i li\u1ec1n m\u1ea1ch<\/span>.<\/p>\n\n      <p class=\"vision-paragraph translation-block\">Tham v\u1ecdng c\u1ee7a ch\u00fang t\u00f4i kh\u00f4ng ph\u1ea3i \u0111\u1ec3 c\u00f4ng ngh\u1ec7 th\u1ed1ng tr\u1ecb, m\u00e0 \u0111\u1ec3 tr\u00ed tu\u1ec7 v\u1eadn h\u00e0nh nh\u1eb9 nh\u00e0ng \u1edf h\u1eadu tr\u01b0\u1eddng\u2014 gi\u00fap kh\u00f4ng gian an to\u00e0n h\u01a1n, v\u1eadn h\u00e0nh th\u00f4ng minh h\u01a1n, v\u00e0 cu\u1ed9c s\u1ed1ng tr\u1edf n\u00ean tr\u00f4i ch\u1ea3y, an t\u00e2m h\u01a1n. Ch\u00fang t\u00f4i h\u01b0\u1edbng \u0111\u1ebfn tr\u1edf th\u00e0nh <span class=\"sub-highlight\">'tr\u00ed tu\u1ec7 v\u00f4 h\u00ecnh nh\u01b0ng thi\u1ebft y\u1ebfu'<\/span>.<\/p>\n    <\/div>\n\n    <div class=\"vision-closing\">\n      <p class=\"translation-block\">SolenVision AI s\u1ebd tr\u1edf th\u00e0nh tr\u00ed tu\u1ec7 th\u1ecb gi\u00e1c m\u00e0 th\u1ebf gi\u1edbi tin t\u01b0\u1edfng,<br>\n        d\u1eabn d\u1eaft t\u01b0\u01a1ng lai n\u01a1i con ng\u01b0\u1eddi v\u00e0 m\u00f4i tr\u01b0\u1eddng c\u00f9ng t\u1ed3n t\u1ea1i h\u00e0i h\u00f2a.\n        <span class=\"final-highlight\">For a Smarter, Safer World.<\/span><\/p>\n    <\/div>\n  <\/section>\n<\/body>\n<\/html>\n\t\t\t\t\t\t\t\t<\/div>\n\t\t\t\t<\/div>\n\t\t\t\t\t<\/div>\n\t\t\t\t<\/div>\n\t\t\t\t<\/div>","protected":false},"excerpt":{"rendered":"<p>SolenVision AI &#8211; \ube44\uc804 Vision \uc0ac\ub78c\uacfc \uae30\uc220, \ud658\uacbd\uc774 \uc870\ud654\ub97c \uc774\ub8e8\ub294 \uc138\uc0c1\uc744 \uc704\ud55c \uc2e0\ub8b0\ubc1b\ub294 \uae00\ub85c\ubc8c \ube44\uc804 AI \ub9ac\ub354\uac00 \ub418\uaca0\uc2b5\ub2c8\ub2e4. \uc6b0\ub9ac\ub294 AI\uac00 \ub2e8\uc21c\ud788 \ub370\uc774\ud130\ub97c [&hellip;]<\/p>","protected":false},"author":3,"featured_media":0,"parent":0,"menu_order":0,"comment_status":"closed","ping_status":"closed","template":"","meta":{"_acf_changed":false,"footnotes":""},"class_list":["post-1812","page","type-page","status-publish","hentry"],"acf":[],"_links":{"self":[{"href":"https:\/\/solenvision.ai\/vi\/wp-json\/wp\/v2\/pages\/1812","targetHints":{"allow":["GET"]}}],"collection":[{"href":"https:\/\/solenvision.ai\/vi\/wp-json\/wp\/v2\/pages"}],"about":[{"href":"https:\/\/solenvision.ai\/vi\/wp-json\/wp\/v2\/types\/page"}],"author":[{"embeddable":true,"href":"https:\/\/solenvision.ai\/vi\/wp-json\/wp\/v2\/users\/3"}],"replies":[{"embeddable":true,"href":"https:\/\/solenvision.ai\/vi\/wp-json\/wp\/v2\/comments?post=1812"}],"version-history":[{"count":4,"href":"https:\/\/solenvision.ai\/vi\/wp-json\/wp\/v2\/pages\/1812\/revisions"}],"predecessor-version":[{"id":1871,"href":"https:\/\/solenvision.ai\/vi\/wp-json\/wp\/v2\/pages\/1812\/revisions\/1871"}],"wp:attachment":[{"href":"https:\/\/solenvision.ai\/vi\/wp-json\/wp\/v2\/media?parent=1812"}],"curies":[{"name":"wp","href":"https:\/\/api.w.org\/{rel}","templated":true}]}}