{"id":1811,"date":"2026-01-16T06:00:38","date_gmt":"2026-01-15T21:00:38","guid":{"rendered":"https:\/\/solenvision.ai\/?page_id=1811"},"modified":"2026-01-16T07:56:56","modified_gmt":"2026-01-15T22:56:56","slug":"%ed%9a%8c%ec%82%ac%eb%aa%85","status":"publish","type":"page","link":"https:\/\/solenvision.ai\/vi\/%ed%9a%8c%ec%82%ac%eb%aa%85\/","title":{"rendered":"T\u00ean c\u00f4ng ty"},"content":{"rendered":"<div data-elementor-type=\"wp-page\" data-elementor-id=\"1811\" class=\"elementor elementor-1811\" data-elementor-settings=\"{&quot;element_pack_global_tooltip_width&quot;:{&quot;unit&quot;:&quot;px&quot;,&quot;size&quot;:&quot;&quot;,&quot;sizes&quot;:[]},&quot;element_pack_global_tooltip_width_tablet&quot;:{&quot;unit&quot;:&quot;px&quot;,&quot;size&quot;:&quot;&quot;,&quot;sizes&quot;:[]},&quot;element_pack_global_tooltip_width_mobile&quot;:{&quot;unit&quot;:&quot;px&quot;,&quot;size&quot;:&quot;&quot;,&quot;sizes&quot;:[]},&quot;element_pack_global_tooltip_padding&quot;:{&quot;unit&quot;:&quot;px&quot;,&quot;top&quot;:&quot;&quot;,&quot;right&quot;:&quot;&quot;,&quot;bottom&quot;:&quot;&quot;,&quot;left&quot;:&quot;&quot;,&quot;isLinked&quot;:true},&quot;element_pack_global_tooltip_padding_tablet&quot;:{&quot;unit&quot;:&quot;px&quot;,&quot;top&quot;:&quot;&quot;,&quot;right&quot;:&quot;&quot;,&quot;bottom&quot;:&quot;&quot;,&quot;left&quot;:&quot;&quot;,&quot;isLinked&quot;:true},&quot;element_pack_global_tooltip_padding_mobile&quot;:{&quot;unit&quot;:&quot;px&quot;,&quot;top&quot;:&quot;&quot;,&quot;right&quot;:&quot;&quot;,&quot;bottom&quot;:&quot;&quot;,&quot;left&quot;:&quot;&quot;,&quot;isLinked&quot;:true},&quot;element_pack_global_tooltip_border_radius&quot;:{&quot;unit&quot;:&quot;px&quot;,&quot;top&quot;:&quot;&quot;,&quot;right&quot;:&quot;&quot;,&quot;bottom&quot;:&quot;&quot;,&quot;left&quot;:&quot;&quot;,&quot;isLinked&quot;:true},&quot;element_pack_global_tooltip_border_radius_tablet&quot;:{&quot;unit&quot;:&quot;px&quot;,&quot;top&quot;:&quot;&quot;,&quot;right&quot;:&quot;&quot;,&quot;bottom&quot;:&quot;&quot;,&quot;left&quot;:&quot;&quot;,&quot;isLinked&quot;:true},&quot;element_pack_global_tooltip_border_radius_mobile&quot;:{&quot;unit&quot;:&quot;px&quot;,&quot;top&quot;:&quot;&quot;,&quot;right&quot;:&quot;&quot;,&quot;bottom&quot;:&quot;&quot;,&quot;left&quot;:&quot;&quot;,&quot;isLinked&quot;:true}}\" data-elementor-post-type=\"page\">\n\t\t\t\t<div class=\"elementor-element elementor-element-22ba24d e-flex e-con-boxed e-con e-parent\" data-id=\"22ba24d\" data-element_type=\"container\" data-settings=\"{&quot;background_background&quot;:&quot;classic&quot;}\">\n\t\t\t\t\t<div class=\"e-con-inner\">\n\t\t\t\t<div class=\"elementor-element elementor-element-2a32443 elementor-widget elementor-widget-text-editor\" data-id=\"2a32443\" data-element_type=\"widget\" data-widget_type=\"text-editor.default\">\n\t\t\t\t<div class=\"elementor-widget-container\">\n\t\t\t\t\t\t\t\t\t<!DOCTYPE html>\n<html lang=\"ko\">\n<head>\n  <meta charset=\"UTF-8\">\n  <meta name=\"viewport\" content=\"width=device-width, initial-scale=1.0\">\n  <title>SolenVision AI &#8211; \ud68c\uc0ac \uc18c\uac1c<\/title>\n  <link href=\"https:\/\/cdn.jsdelivr.net\/gh\/orioncactus\/pretendard\/dist\/web\/static\/pretendard.css\" rel=\"stylesheet\">\n  <link href=\"https:\/\/fonts.googleapis.com\/css2?family=Cormorant+Garamond:wght@400;500;600&#038;display=swap\" rel=\"stylesheet\">\n  <style>\n    * {\n      margin: 0;\n      padding: 0;\n      box-sizing: border-box;\n    }\n\n    body {\n      font-family: 'Pretendard', -apple-system, BlinkMacSystemFont, sans-serif;\n      background-color: #0f172a;\n      color: #e2e8f0;\n      line-height: 1.8;\n    }\n\n    .about-section {\n      max-width: 800px;\n      margin: 0 auto;\n      padding: 80px 40px;\n    }\n\n    \/* \ud68c\uc0ac\uba85 \ub77c\ubca8 *\/\n    .label {\n      font-size: 0.85rem;\n      letter-spacing: 0.15em;\n      text-transform: uppercase;\n      color: #94a3b8;\n      margin-bottom: 12px;\n    }\n\n    \/* \ud68c\uc0ac\uba85 *\/\n    .company-name {\n      font-family: 'Cormorant Garamond', serif;\n      font-size: 3.5rem;\n      font-weight: 600;\n      letter-spacing: 0.02em;\n      margin-bottom: 60px;\n      background: linear-gradient(135deg, #fbbf24 0%, #f97316 50%, #ea580c 100%);\n      -webkit-background-clip: text;\n      -webkit-text-fill-color: transparent;\n      background-clip: text;\n    }\n\n    \/* \ubcf8\ubb38 \ub2e8\ub77d *\/\n    .paragraph {\n      font-size: 1.1rem;\n      color: #cbd5e1;\n      margin-bottom: 40px;\n      font-weight: 300;\n    }\n\n    \/* \uac15\uc870 \ud0a4\uc6cc\ub4dc - \uc624\ub80c\uc9c0 *\/\n    .highlight {\n      color: #fb923c;\n      font-weight: 500;\n    }\n\n    \/* \uac15\uc870 \ud0a4\uc6cc\ub4dc - \ubcfc\ub4dc \ud654\uc774\ud2b8 *\/\n    .emphasis {\n      color: #f8fafc;\n      font-weight: 500;\n    }\n\n    \/* \uc11c\ube0c \uac15\uc870 *\/\n    .sub-highlight {\n      color: #fcd34d;\n      font-style: italic;\n    }\n\n    \/* \ub9c8\uc9c0\ub9c9 \uc2ac\ub85c\uac74 \ub2e8\ub77d *\/\n    .slogan {\n      font-size: 1.25rem;\n      color: #f1f5f9;\n      margin-top: 50px;\n      padding: 40px;\n      border-left: 3px solid #f97316;\n      background: linear-gradient(90deg, rgba(249,115,22,0.08) 0%, transparent 100%);\n      font-weight: 400;\n    }\n\n    .slogan .line {\n      display: block;\n      margin-bottom: 8px;\n    }\n\n    .slogan .final {\n      color: #fb923c;\n      font-weight: 600;\n      margin-top: 16px;\n    }\n\n    \/* \uad6c\ubd84\uc120 *\/\n    .divider {\n      width: 60px;\n      height: 2px;\n      background: linear-gradient(90deg, #f97316, transparent);\n      margin: 50px 0;\n    }\n  <\/style>\n<\/head>\n<body>\n  <section class=\"about-section\">\n    \n    <p class=\"label\">T\u00ean c\u00f4ng ty<\/p>\n    <h1 class=\"company-name\">SolenVision AI<\/h1>\n\n    <p class=\"paragraph translation-block\"><span class=\"highlight\">Solen<\/span> trong ti\u1ebfng Latin c\u00f3 ngh\u0129a l\u00e0 <span class=\"emphasis\">\"m\u1eb7t tr\u1eddi\"<\/span> \u2014 ngu\u1ed3n s\u00e1ng chi\u1ebfu r\u1ecdi th\u1ebf gi\u1edbi, xua tan b\u00f3ng t\u1ed1i v\u00e0 ch\u1ec9 ra h\u01b0\u1edbng \u0111i. Trong t\u00ean g\u1ecdi c\u1ee7a ch\u00fang t\u00f4i, n\u00f3 t\u01b0\u1ee3ng tr\u01b0ng cho <span class=\"emphasis\">tr\u00ed tu\u1ec7 mang l\u1ea1i s\u1ef1 r\u00f5 r\u00e0ng v\u00e0 an to\u00e0n<\/span>.<\/p>\n\n    <div class=\"divider\"><\/div>\n\n    <p class=\"paragraph translation-block\"><span class=\"highlight\">Vision AI<\/span> kh\u00f4ng ch\u1ec9 l\u00e0 \"nh\u00ecn th\u1ea5y\", m\u00e0 l\u00e0 hi\u1ec3u <span class=\"emphasis\">con ng\u01b0\u1eddi, kh\u00f4ng gian v\u00e0 t\u00ecnh hu\u1ed1ng<\/span>. \u0110\u00f3 l\u00e0 tr\u00ed tu\u1ec7 c\u00f3 th\u1ec3 di\u1ec5n gi\u1ea3i <span class=\"sub-highlight\">\u00fd ngh\u0129a<\/span> v\u00e0 <span class=\"sub-highlight\">b\u1ed1i c\u1ea3nh<\/span>, gi\u00fap con ng\u01b0\u1eddi \u0111\u01b0a ra nh\u1eefng quy\u1ebft \u0111\u1ecbnh an to\u00e0n v\u00e0 t\u1ed1t h\u01a1n.<\/p>\n\n    <div class=\"divider\"><\/div>\n\n    <p class=\"paragraph translation-block\">H\u00ecnh \u1ea3nh <span class=\"highlight\">con c\u00e1o<\/span> trong logo \u0111\u1ea1i di\u1ec7n cho <span class=\"sub-highlight\">tr\u00ed tu\u1ec7<\/span>, <span class=\"sub-highlight\">s\u1ef1 linh ho\u1ea1t<\/span> v\u00e0 <span class=\"sub-highlight\">kh\u1ea3 n\u0103ng quan s\u00e1t tinh t\u1ebf<\/span>. C\u00e1o c\u00f3 th\u1ec3 nh\u1eadn ra nh\u1eefng thay \u0111\u1ed5i nh\u1ecf nh\u1ea5t ngay c\u1ea3 trong b\u00f3ng t\u1ed1i \u2014 gi\u1ed1ng nh\u01b0 AI c\u1ee7a ch\u00fang t\u00f4i, \u0111\u01b0\u1ee3c thi\u1ebft k\u1ebf \u0111\u1ec3 nh\u00ecn th\u1ea5y \u0111i\u1ec1u \u1ea9n gi\u1ea5u v\u00e0 hi\u1ec3u \u0111i\u1ec1u ng\u01b0\u1eddi kh\u00e1c b\u1ecf l\u1ee1.<\/p>\n\n    <div class=\"slogan translation-block\"><span class=\"highlight\">SolenVision AI<\/span> l\u00e0 doanh nghi\u1ec7p AI th\u1ecb gi\u00e1c th\u00f4ng minh, mang \u00e1nh s\u00e1ng \u0111\u1ebfn th\u1ebf gi\u1edbi v\u00e0 bi\u1ebfn kh\u00f4ng gian tr\u1edf n\u00ean an to\u00e0n, th\u00f4ng minh h\u01a1n.<\/div>\n\n  <\/section>\n<\/body>\n<\/html>\n\t\t\t\t\t\t\t\t<\/div>\n\t\t\t\t<\/div>\n\t\t\t\t\t<\/div>\n\t\t\t\t<\/div>\n\t\t\t\t<\/div>","protected":false},"excerpt":{"rendered":"<p>SolenVision AI &#8211; \ud68c\uc0ac \uc18c\uac1c \ud68c\uc0ac\uba85 SolenVision AI Solen\uc740 \ub77c\ud2f4\uc5b4\ub85c \ud0dc\uc591(Sun)\uc744 \ub73b\ud569\ub2c8\ub2e4. \ud0dc\uc591\uc740 \uc138\uc0c1\uc744 \ube44\ucd94\uace0, \uc5b4\ub460\uc744 \uac77\uc5b4\ub0b4\uba70, \ubc29\ud5a5\uc744 \uc783\uc740 \uc774\ub4e4\uc5d0\uac8c \uae38\uc744 \ubcf4\uc5ec\uc8fc\ub294 [&hellip;]<\/p>","protected":false},"author":3,"featured_media":0,"parent":0,"menu_order":0,"comment_status":"closed","ping_status":"closed","template":"","meta":{"_acf_changed":false,"footnotes":""},"class_list":["post-1811","page","type-page","status-publish","hentry"],"acf":[],"_links":{"self":[{"href":"https:\/\/solenvision.ai\/vi\/wp-json\/wp\/v2\/pages\/1811","targetHints":{"allow":["GET"]}}],"collection":[{"href":"https:\/\/solenvision.ai\/vi\/wp-json\/wp\/v2\/pages"}],"about":[{"href":"https:\/\/solenvision.ai\/vi\/wp-json\/wp\/v2\/types\/page"}],"author":[{"embeddable":true,"href":"https:\/\/solenvision.ai\/vi\/wp-json\/wp\/v2\/users\/3"}],"replies":[{"embeddable":true,"href":"https:\/\/solenvision.ai\/vi\/wp-json\/wp\/v2\/comments?post=1811"}],"version-history":[{"count":31,"href":"https:\/\/solenvision.ai\/vi\/wp-json\/wp\/v2\/pages\/1811\/revisions"}],"predecessor-version":[{"id":1862,"href":"https:\/\/solenvision.ai\/vi\/wp-json\/wp\/v2\/pages\/1811\/revisions\/1862"}],"wp:attachment":[{"href":"https:\/\/solenvision.ai\/vi\/wp-json\/wp\/v2\/media?parent=1811"}],"curies":[{"name":"wp","href":"https:\/\/api.w.org\/{rel}","templated":true}]}}