{"id":1783,"date":"2026-01-15T21:02:15","date_gmt":"2026-01-15T12:02:15","guid":{"rendered":"https:\/\/solenvision.ai\/?page_id=1783"},"modified":"2026-01-16T14:04:07","modified_gmt":"2026-01-16T05:04:07","slug":"%eb%b8%8c%eb%9e%9c%eb%93%9c-%ec%86%8c%ea%b0%9c","status":"publish","type":"page","link":"https:\/\/solenvision.ai\/vi\/%eb%b8%8c%eb%9e%9c%eb%93%9c-%ec%86%8c%ea%b0%9c\/","title":{"rendered":"Th\u01b0\u01a1ng hi\u1ec7u"},"content":{"rendered":"<div data-elementor-type=\"wp-page\" data-elementor-id=\"1783\" class=\"elementor elementor-1783\" data-elementor-settings=\"{&quot;element_pack_global_tooltip_width&quot;:{&quot;unit&quot;:&quot;px&quot;,&quot;size&quot;:&quot;&quot;,&quot;sizes&quot;:[]},&quot;element_pack_global_tooltip_width_tablet&quot;:{&quot;unit&quot;:&quot;px&quot;,&quot;size&quot;:&quot;&quot;,&quot;sizes&quot;:[]},&quot;element_pack_global_tooltip_width_mobile&quot;:{&quot;unit&quot;:&quot;px&quot;,&quot;size&quot;:&quot;&quot;,&quot;sizes&quot;:[]},&quot;element_pack_global_tooltip_padding&quot;:{&quot;unit&quot;:&quot;px&quot;,&quot;top&quot;:&quot;&quot;,&quot;right&quot;:&quot;&quot;,&quot;bottom&quot;:&quot;&quot;,&quot;left&quot;:&quot;&quot;,&quot;isLinked&quot;:true},&quot;element_pack_global_tooltip_padding_tablet&quot;:{&quot;unit&quot;:&quot;px&quot;,&quot;top&quot;:&quot;&quot;,&quot;right&quot;:&quot;&quot;,&quot;bottom&quot;:&quot;&quot;,&quot;left&quot;:&quot;&quot;,&quot;isLinked&quot;:true},&quot;element_pack_global_tooltip_padding_mobile&quot;:{&quot;unit&quot;:&quot;px&quot;,&quot;top&quot;:&quot;&quot;,&quot;right&quot;:&quot;&quot;,&quot;bottom&quot;:&quot;&quot;,&quot;left&quot;:&quot;&quot;,&quot;isLinked&quot;:true},&quot;element_pack_global_tooltip_border_radius&quot;:{&quot;unit&quot;:&quot;px&quot;,&quot;top&quot;:&quot;&quot;,&quot;right&quot;:&quot;&quot;,&quot;bottom&quot;:&quot;&quot;,&quot;left&quot;:&quot;&quot;,&quot;isLinked&quot;:true},&quot;element_pack_global_tooltip_border_radius_tablet&quot;:{&quot;unit&quot;:&quot;px&quot;,&quot;top&quot;:&quot;&quot;,&quot;right&quot;:&quot;&quot;,&quot;bottom&quot;:&quot;&quot;,&quot;left&quot;:&quot;&quot;,&quot;isLinked&quot;:true},&quot;element_pack_global_tooltip_border_radius_mobile&quot;:{&quot;unit&quot;:&quot;px&quot;,&quot;top&quot;:&quot;&quot;,&quot;right&quot;:&quot;&quot;,&quot;bottom&quot;:&quot;&quot;,&quot;left&quot;:&quot;&quot;,&quot;isLinked&quot;:true}}\" data-elementor-post-type=\"page\">\n\t\t\t\t<div class=\"elementor-element elementor-element-3eba384a e-flex e-con-boxed e-con e-parent\" data-id=\"3eba384a\" data-element_type=\"container\" data-settings=\"{&quot;background_background&quot;:&quot;classic&quot;}\">\n\t\t\t\t\t<div class=\"e-con-inner\">\n\t\t\t\t<div class=\"elementor-element elementor-element-31a3744f elementor-widget elementor-widget-text-editor\" data-id=\"31a3744f\" data-element_type=\"widget\" data-widget_type=\"text-editor.default\">\n\t\t\t\t<div class=\"elementor-widget-container\">\n\t\t\t\t\t\t\t\t\t<!DOCTYPE html>\n<html lang=\"ko\">\n<head>\n  <meta charset=\"UTF-8\">\n  <meta name=\"viewport\" content=\"width=device-width, initial-scale=1.0\">\n  <title>\ube0c\ub79c\ub4dc \uc18c\uac1c &#8211; SolenVision AI<\/title>\n  <link rel=\"preconnect\" href=\"https:\/\/fonts.googleapis.com\">\n  <link rel=\"preconnect\" href=\"https:\/\/fonts.gstatic.com\" crossorigin>\n  <link href=\"https:\/\/fonts.googleapis.com\/css2?family=Cormorant+Garamond:wght@400;500;600&#038;family=Inter:wght@300;400;500;600&#038;family=Noto+Sans+KR:wght@300;400;500;700&#038;display=swap\" rel=\"stylesheet\">\n  <style>\n    * {\n      margin: 0;\n      padding: 0;\n      box-sizing: border-box;\n    }\n\n    body {\n      font-family: 'Noto Sans KR', sans-serif;\n      background-color: #0f172a;\n      color: #e2e8f0;\n      line-height: 1.8;\n    }\n\n    .brand-section {\n      max-width: 1200px;\n      margin: 0 auto;\n      padding: 100px 40px;\n    }\n\n    \/* \ud5e4\ub354 *\/\n    .brand-header {\n      text-align: center;\n      margin-bottom: 70px;\n    }\n\n    .brand-label {\n      font-family: 'Inter', sans-serif;\n      font-size: 0.85rem;\n      font-weight: 500;\n      color: #f97316;\n      letter-spacing: 3px;\n      text-transform: uppercase;\n      margin-bottom: 20px;\n    }\n\n    .brand-title {\n      font-family: 'Cormorant Garamond', serif;\n      font-size: 3rem;\n      font-weight: 500;\n      color: #f8fafc;\n      margin-bottom: 15px;\n    }\n\n    .brand-subtitle {\n      font-size: 1.05rem;\n      color: #94a3b8;\n      font-weight: 300;\n    }\n\n    \/* \uc778\ud2b8\ub85c \ud14d\uc2a4\ud2b8 *\/\n    .brand-intro {\n      max-width: 900px;\n      margin: 0 auto 80px;\n      text-align: center;\n    }\n\n    .brand-intro p {\n      font-size: 1.1rem;\n      color: #cbd5e1;\n      line-height: 2;\n      margin-bottom: 25px;\n    }\n\n    .brand-intro strong {\n      color: #fbbf24;\n      font-weight: 500;\n    }\n\n    \/* TRACE \uc57d\uc790 \uc139\uc158 *\/\n    .trace-section {\n      margin-bottom: 80px;\n    }\n\n    .trace-title {\n      text-align: center;\n      margin-bottom: 50px;\n    }\n\n    .trace-title h3 {\n      font-family: 'Cormorant Garamond', serif;\n      font-size: 2.2rem;\n      color: #f8fafc;\n      margin-bottom: 10px;\n    }\n\n    .trace-title p {\n      font-size: 0.95rem;\n      color: #94a3b8;\n    }\n\n    .trace-letters {\n      display: flex;\n      justify-content: center;\n      gap: 15px;\n      flex-wrap: wrap;\n      margin-bottom: 40px;\n    }\n\n    .trace-letter {\n      display: flex;\n      flex-direction: column;\n      align-items: center;\n      padding: 25px 20px;\n      min-width: 180px;\n      background: linear-gradient(135deg, rgba(30, 41, 59, 0.6) 0%, rgba(15, 23, 42, 0.8) 100%);\n      border: 1px solid rgba(249, 115, 22, 0.2);\n      border-radius: 12px;\n      transition: all 0.3s ease;\n    }\n\n    .trace-letter:hover {\n      border-color: rgba(249, 115, 22, 0.5);\n      transform: translateY(-3px);\n      box-shadow: 0 10px 30px rgba(249, 115, 22, 0.1);\n    }\n\n    .trace-letter .letter {\n      font-family: 'Cormorant Garamond', serif;\n      font-size: 3rem;\n      font-weight: 600;\n      color: #f97316;\n      line-height: 1;\n      margin-bottom: 10px;\n    }\n\n    .trace-letter .word {\n      font-family: 'Inter', sans-serif;\n      font-size: 0.9rem;\n      font-weight: 500;\n      color: #fbbf24;\n      letter-spacing: 1px;\n      margin-bottom: 5px;\n    }\n\n    .trace-letter .meaning {\n      font-size: 0.8rem;\n      color: #94a3b8;\n      text-align: center;\n    }\n\n    .trace-desc {\n      display: block;\n      max-width: 800px;\n      margin-left: auto;\n      margin-right: auto;\n      text-align: center;\n      font-size: 1rem;\n      color: #cbd5e1;\n      line-height: 1.9;\n    }\n\n    .trace-desc strong {\n      color: #fbbf24;\n      font-weight: 500;\n    }\n\n    \/* \ucca0\ud559 \uce74\ub4dc \uadf8\ub9ac\ub4dc *\/\n    .philosophy-section {\n      margin-bottom: 70px;\n    }\n\n    .philosophy-title {\n      text-align: center;\n      margin-bottom: 40px;\n    }\n\n    .philosophy-title h3 {\n      font-family: 'Cormorant Garamond', serif;\n      font-size: 1.8rem;\n      color: #f8fafc;\n    }\n\n    .philosophy-grid {\n      display: grid;\n      grid-template-columns: repeat(2, 1fr);\n      gap: 25px;\n    }\n\n    .philosophy-card {\n      padding: 35px 30px;\n      background: linear-gradient(135deg, rgba(30, 41, 59, 0.5) 0%, rgba(15, 23, 42, 0.7) 100%);\n      border-left: 3px solid #f97316;\n      border-radius: 0 12px 12px 0;\n      transition: all 0.3s ease;\n    }\n\n    .philosophy-card:hover {\n      background: linear-gradient(135deg, rgba(30, 41, 59, 0.7) 0%, rgba(15, 23, 42, 0.9) 100%);\n      transform: translateX(5px);\n    }\n\n    .philosophy-card h4 {\n      font-size: 1.15rem;\n      font-weight: 500;\n      color: #fbbf24;\n      margin-bottom: 12px;\n    }\n\n    .philosophy-card p {\n      font-size: 0.95rem;\n      color: #cbd5e1;\n      line-height: 1.8;\n    }\n\n    \/* \ub9c8\ubb34\ub9ac *\/\n    .brand-closing {\n      text-align: center;\n      padding: 50px 40px;\n      background: linear-gradient(135deg, rgba(249, 115, 22, 0.08) 0%, rgba(251, 191, 36, 0.05) 100%);\n      border-radius: 16px;\n      border: 1px solid rgba(249, 115, 22, 0.15);\n    }\n\n    .brand-closing p {\n      font-size: 1.15rem;\n      color: #e2e8f0;\n      line-height: 1.9;\n      max-width: 800px;\n      margin: 0 auto;\n    }\n\n    .brand-closing p:first-child {\n      font-size: 1.25rem;\n      color: #fbbf24;\n      font-weight: 500;\n      margin-bottom: 20px;\n    }\n\n    \/* \ubc18\uc751\ud615 *\/\n    @media (max-width: 900px) {\n      .philosophy-grid {\n        grid-template-columns: 1fr;\n      }\n      \n      .trace-letters {\n        gap: 12px;\n      }\n      \n      .trace-letter {\n        min-width: 150px;\n        padding: 20px 15px;\n      }\n    }\n\n    @media (max-width: 600px) {\n      .brand-section {\n        padding: 60px 20px;\n      }\n\n      .brand-title {\n        font-size: 2.2rem;\n      }\n\n      .trace-letter {\n        min-width: 130px;\n      }\n\n      .trace-letter .letter {\n        font-size: 2.5rem;\n      }\n    }\n  <\/style>\n<\/head>\n<body>\n  <section class=\"brand-section\">\n    <!-- \ud5e4\ub354 -->\n    <header class=\"brand-header\">\n      <p class=\"brand-label\">Brand Philosophy<\/p>\n      <h1 class=\"brand-title\">SolenVision AI &#038; TRACE<\/h1>\n      <p class=\"brand-subtitle\">N\u1ec1n t\u1ea3ng th\u00f4ng minh v\u01b0\u1ee3t ra ngo\u00e0i AI \u2013 th\u1ea5u hi\u1ec3u con ng\u01b0\u1eddi v\u00e0 kh\u00f4ng gian<\/p>\n    <\/header>\n\n    <!-- \uc778\ud2b8\ub85c -->\n    <div class=\"brand-intro\">\n      <p class=\"translation-block\">SolenVision AI tin r\u1eb1ng <strong>c\u00f4ng ngh\u1ec7 ph\u1ea3i ph\u1ee5c v\u1ee5 con ng\u01b0\u1eddi<\/strong>. \n        S\u1ee9 m\u1ec7nh c\u1ee7a ch\u00fang t\u00f4i l\u00e0 t\u1ea1o ra nh\u1eefng m\u00f4i tr\u01b0\u1eddng an to\u00e0n h\u01a1n, th\u00f4ng minh h\u01a1n v\u00e0 mang t\u00ednh nh\u00e2n v\u0103n h\u01a1n \n        b\u1eb1ng c\u00e1ch \u1ee9ng d\u1ee5ng s\u1ee9c m\u1ea1nh c\u1ee7a tr\u00ed tu\u1ec7 nh\u00e2n t\u1ea1o.<\/p>\n      <p class=\"translation-block\">Ch\u00fang t\u00f4i kh\u00f4ng \u0111\u01a1n thu\u1ea7n l\u00e0 nh\u00e0 cung c\u1ea5p c\u00f4ng ngh\u1ec7 an ninh, m\u00e0 l\u00e0 \u0111\u1ed1i t\u00e1c to\u00e0n c\u1ea7u trong vi\u1ec7c thi\u1ebft k\u1ebf \n        v\u00e0 tri\u1ec3n khai <strong>M\u00f4i tr\u01b0\u1eddng Th\u00f4ng minh (Intelligent Environments)<\/strong>.<\/p>\n    <\/div>\n\n    <!-- TRACE \uc139\uc158 -->\n    <div class=\"trace-section\">\n      <div class=\"trace-title\">\n        <h3>TRACE<\/h3>\n        <p>B\u1ed9 gi\u1ea3i ph\u00e1p to\u00e0n di\u1ec7n, gi\u00fap ph\u00e2n t\u00edch v\u00e0 x\u1eed l\u00fd th\u00f4ng minh s\u1ef1 t\u01b0\u01a1ng t\u00e1c<\/p>\n      <\/div>\n\n      <div class=\"trace-letters\">\n        <div class=\"trace-letter\">\n          <span class=\"letter\">T<\/span>\n          <span class=\"word\">Tracking<\/span>\n          <span class=\"meaning\">Theo d\u00f5i<\/span>\n        <\/div>\n        <div class=\"trace-letter\">\n          <span class=\"letter\">R<\/span>\n          <span class=\"word\">Recognition<\/span>\n          <span class=\"meaning\">Nh\u1eadn d\u1ea1ng<\/span>\n        <\/div>\n        <div class=\"trace-letter\">\n          <span class=\"letter\">A<\/span>\n          <span class=\"word\">Access<\/span>\n          <span class=\"meaning\">Truy c\u1eadp<\/span>\n        <\/div>\n        <div class=\"trace-letter\">\n          <span class=\"letter\">C<\/span>\n          <span class=\"word\">Control<\/span>\n          <span class=\"meaning\">Ki\u1ec3m so\u00e1t<\/span>\n        <\/div>\n        <div class=\"trace-letter\">\n          <span class=\"letter\">E<\/span>\n          <span class=\"word\">Evaluation<\/span>\n          <span class=\"meaning\">\u0110\u00e1nh gi\u00e1<\/span>\n        <\/div>\n      <\/div>\n\n      <p class=\"trace-desc translation-block\" style=\"display: block; max-width: 800px; margin-left: auto; margin-right: auto; text-align: center;\">K\u1ebft h\u1ee3p gi\u1eefa c\u00f4ng ngh\u1ec7 th\u1ecb gi\u00e1c m\u00e1y t\u00ednh ti\u00ean ti\u1ebfn c\u00f9ng <strong>LLM (m\u00f4 h\u00ecnh ng\u00f4n ng\u1eef l\u1edbn)<\/strong> v\u00e0 \n        <strong>VLM (m\u00f4 h\u00ecnh th\u1ecb gi\u00e1c-ng\u00f4n ng\u1eef)<\/strong>, TRACE v\u01b0\u1ee3t qua vi\u1ec7c nh\u1eadn di\u1ec7n \u0111\u01a1n thu\u1ea7n \n        \u0111\u1ec3 tr\u1edf th\u00e0nh n\u1ec1n t\u1ea3ng t\u1ea1o ra ng\u1eef c\u1ea3nh v\u00e0 \u00fd ngh\u0129a.<\/p>\n    <\/div>\n\n    <!-- \ucca0\ud559 \uc139\uc158 -->\n    <div class=\"philosophy-section\">\n      <div class=\"philosophy-title\">\n        <h3>Our Philosophy<\/h3>\n      <\/div>\n\n      <div class=\"philosophy-grid\">\n        <div class=\"philosophy-card\">\n          <h4>Tr\u00ed tu\u1ec7 t\u1ed5ng h\u1ee3p t\u1eeb AI \u0111a ph\u01b0\u01a1ng th\u1ee9c<\/h4>\n          <p>K\u1ebft h\u1ee3p d\u1eef li\u1ec7u phi c\u1ea5u tr\u00fac nh\u01b0 h\u00ecnh \u1ea3nh v\u00e0 v\u0103n b\u1ea3n \u0111\u1ec3 hi\u1ec3u r\u00f5 v\u00e0 d\u1ef1 \u0111o\u00e1n ch\u00ednh x\u00e1c c\u00e1c t\u00ecnh hu\u1ed1ng th\u1ef1c t\u1ebf.<\/p>\n        <\/div>\n        <div class=\"philosophy-card\">\n          <h4>Thi\u1ebft k\u1ebf c\u00f4ng ngh\u1ec7 l\u1ea5y con ng\u01b0\u1eddi l\u00e0m trung t\u00e2m<\/h4>\n          <p>M\u1ecdi t\u00ednh n\u0103ng \u0111\u1ec1u h\u01b0\u1edbng \u0111\u1ebfn vi\u1ec7c h\u1ed7 tr\u1ee3 v\u00e0 b\u1ea3o v\u1ec7 ng\u01b0\u1eddi d\u00f9ng, \u0111\u1ea3m b\u1ea3o t\u00ednh d\u1ec5 d\u00f9ng v\u00e0 s\u1ef1 tin c\u1eady.<\/p>\n        <\/div>\n        <div class=\"philosophy-card\">\n          <h4>Kh\u1ea3 n\u0103ng th\u00edch \u1ee9ng theo b\u1ed1i c\u1ea3nh th\u1ef1c t\u1ebf<\/h4>\n          <p>Gi\u1ea3i ph\u00e1p \u0111\u01b0\u1ee3c t\u00f9y bi\u1ebfn theo quy \u0111\u1ecbnh \u0111\u1ecba ph\u01b0\u01a1ng, ti\u00eau chu\u1ea9n ng\u00e0nh v\u00e0 m\u00f4i tr\u01b0\u1eddng v\u1eadn h\u00e0nh.<\/p>\n        <\/div>\n        <div class=\"philosophy-card\">\n          <h4>C\u00e2n b\u1eb1ng gi\u1eefa c\u00f4ng ngh\u1ec7 v\u00e0 \u0111\u1ea1o \u0111\u1ee9c<\/h4>\n          <p>V\u1edbi d\u1eef li\u1ec7u nh\u1ea1y c\u1ea3m nh\u01b0 sinh tr\u1eafc h\u1ecdc v\u00e0 h\u00ecnh \u1ea3nh, b\u1ea3o m\u1eadt, quy\u1ec1n ri\u00eang t\u01b0 v\u00e0 tu\u00e2n th\u1ee7 ph\u00e1p l\u00fd l\u00e0 gi\u00e1 tr\u1ecb c\u1ed1t l\u00f5i.<\/p>\n        <\/div>\n      <\/div>\n    <\/div>\n\n    <!-- \ub9c8\ubb34\ub9ac -->\n    <div class=\"brand-closing\">\n      <p>TRACE kh\u00f4ng ch\u1ec9 l\u00e0 m\u1ed9t s\u1ea3n ph\u1ea9m \u2013 m\u00e0 l\u00e0 khu\u00f4n kh\u1ed5 m\u1edbi \u0111\u1ec3 gi\u1ea3i m\u00e3 kh\u00f4ng gian trong k\u1ef7 nguy\u00ean AI.<\/p>\n      <p>\n        T\u1ea1i SolenVision AI, ch\u00fang t\u00f4i tin r\u1eb1ng c\u00f4ng ngh\u1ec7 kh\u00f4ng thay th\u1ebf con ng\u01b0\u1eddi \u2013 \n        m\u00e0 ph\u1ea3i th\u1ea5u hi\u1ec3u v\u00e0 h\u1ed7 tr\u1ee3 con ng\u01b0\u1eddi s\u00e2u s\u1eafc h\u01a1n.\n      <\/p>\n    <\/div>\n  <\/section>\n<\/body>\n<\/html>\n\t\t\t\t\t\t\t\t<\/div>\n\t\t\t\t<\/div>\n\t\t\t\t\t<\/div>\n\t\t\t\t<\/div>\n\t\t\t\t<\/div>","protected":false},"excerpt":{"rendered":"<p>\ube0c\ub79c\ub4dc \uc18c\uac1c &#8211; SolenVision AI Brand Philosophy SolenVision AI &#038; TRACE AI \uae30\uc220\uc744 \ub118\uc5b4, \uacf5\uac04\uacfc \uc0ac\ub78c\uc744 \uc774\ud574\ud558\ub294 \uc9c0\ub2a5\ud615 \ud50c\ub7ab\ud3fc SolenVision AI\ub294 &#8220;\uae30\uc220\uc740 [&hellip;]<\/p>","protected":false},"author":3,"featured_media":0,"parent":0,"menu_order":0,"comment_status":"closed","ping_status":"closed","template":"","meta":{"_acf_changed":false,"footnotes":""},"class_list":["post-1783","page","type-page","status-publish","hentry"],"acf":[],"_links":{"self":[{"href":"https:\/\/solenvision.ai\/vi\/wp-json\/wp\/v2\/pages\/1783","targetHints":{"allow":["GET"]}}],"collection":[{"href":"https:\/\/solenvision.ai\/vi\/wp-json\/wp\/v2\/pages"}],"about":[{"href":"https:\/\/solenvision.ai\/vi\/wp-json\/wp\/v2\/types\/page"}],"author":[{"embeddable":true,"href":"https:\/\/solenvision.ai\/vi\/wp-json\/wp\/v2\/users\/3"}],"replies":[{"embeddable":true,"href":"https:\/\/solenvision.ai\/vi\/wp-json\/wp\/v2\/comments?post=1783"}],"version-history":[{"count":10,"href":"https:\/\/solenvision.ai\/vi\/wp-json\/wp\/v2\/pages\/1783\/revisions"}],"predecessor-version":[{"id":1935,"href":"https:\/\/solenvision.ai\/vi\/wp-json\/wp\/v2\/pages\/1783\/revisions\/1935"}],"wp:attachment":[{"href":"https:\/\/solenvision.ai\/vi\/wp-json\/wp\/v2\/media?parent=1783"}],"curies":[{"name":"wp","href":"https:\/\/api.w.org\/{rel}","templated":true}]}}